{"id":2933,"date":"2024-03-06T11:24:54","date_gmt":"2024-03-06T10:24:54","guid":{"rendered":"https:\/\/www.thorsten-schneider.com\/blog\/?page_id=2933"},"modified":"2026-01-12T13:54:31","modified_gmt":"2026-01-12T12:54:31","slug":"1-samurai-blackmotion","status":"publish","type":"page","link":"https:\/\/www.thorsten-schneider.com\/blog\/1-samurai-blackmotion\/","title":{"rendered":"1 &#8211; Samurai BlackMotion"},"content":{"rendered":"\n<figure class=\"wp-block-image size-large\"><img loading=\"lazy\" decoding=\"async\" width=\"1024\" height=\"768\" src=\"https:\/\/www.thorsten-schneider.com\/blog\/wp-content\/uploads\/2026\/01\/samurai_blackmotion-1024x768.jpeg\" alt=\"\" class=\"wp-image-4923\" srcset=\"https:\/\/www.thorsten-schneider.com\/blog\/wp-content\/uploads\/2026\/01\/samurai_blackmotion-1024x768.jpeg 1024w, https:\/\/www.thorsten-schneider.com\/blog\/wp-content\/uploads\/2026\/01\/samurai_blackmotion-300x225.jpeg 300w, https:\/\/www.thorsten-schneider.com\/blog\/wp-content\/uploads\/2026\/01\/samurai_blackmotion-768x576.jpeg 768w, https:\/\/www.thorsten-schneider.com\/blog\/wp-content\/uploads\/2026\/01\/samurai_blackmotion-1536x1152.jpeg 1536w, https:\/\/www.thorsten-schneider.com\/blog\/wp-content\/uploads\/2026\/01\/samurai_blackmotion.jpeg 1600w\" sizes=\"auto, (max-width: 767px) 89vw, (max-width: 1000px) 54vw, (max-width: 1071px) 543px, 580px\" \/><\/figure>\n\n\n\n<figure class=\"wp-block-table is-style-stripes\"><table><tbody><tr><td>Inspiration<\/td><td>M\u00fchle Glash\u00fctte Sea-Timer BlackMotion<\/td><\/tr><tr><td>Basis<\/td><td>Samurai-Stil 43mm<\/td><\/tr><tr><td>Geh\u00e4use<\/td><td>Samurai-Stil Edelstahl teilmattiert schwarz PVD-beschichtet 43mm<\/td><\/tr><tr><td>Geh\u00e4useboden<\/td><td>Glasboden<\/td><\/tr><tr><td><\/td><td><\/td><\/tr><tr><td>Zifferblatt<\/td><td><strong>Rafflestime &#8222;Black SM Sun&#8220; mit wei\u00dfen Indizes (28,5mm)<\/strong><\/td><\/tr><tr><td>Werk<\/td><td>Seiko NH35<\/td><\/tr><tr><td>Datumsscheibe<\/td><td>&#8211;<\/td><\/tr><tr><td>Stundenzeiger<\/td><td><strong>MM-Stil dunkelgrau mit wei\u00dfem Lume<\/strong><\/td><\/tr><tr><td>Minutenzeiger<\/td><td><strong>MM-Stil dunkelgrau mit wei\u00dfem Lume<\/strong><\/td><\/tr><tr><td>Sekundenzeiger<\/td><td><strong>rot mit wei\u00dfem Lume<\/strong><\/td><\/tr><tr><td>Krone<\/td><td>Edelstahl matt schwarz PVD-beschichtet<\/td><\/tr><tr><td>L\u00fcnette<\/td><td>Edelstahl gl\u00e4nzend schwarz PVD-beschichtet<\/td><\/tr><tr><td>L\u00fcnetteninlay<\/td><td>schwarz matt mit wei\u00dfen Indizes und rotem Dreieck<\/td><\/tr><tr><td><\/td><td><\/td><\/tr><tr><td><strong>Leder<\/strong><\/td><td><strong>schwarz mit wei\u00dfer Naht und schwarzer PVD-Dornschlie\u00dfe<\/strong><\/td><\/tr><tr><td>Sailcloth<\/td><td>schwarz mit schwarzer PVD-Dornschlie\u00dfe<\/td><\/tr><tr><td>Nato<\/td><td>2-Piece schwarz mit wei\u00dfem Streifen und schwarzer PVD-Dornschlie\u00dfe<\/td><\/tr><tr><td>Kautschuk<\/td><td>Tropic schwarz mit schwarzer PVD-Dornschlie\u00dfe<\/td><\/tr><\/tbody><\/table><figcaption class=\"wp-element-caption\">Alle von mir durchgef\u00fchrten \u00c4nderungen zum Serienmodell und das auf dem Foto abgebildete Band sind <strong>fett<\/strong> markiert.<\/figcaption><\/figure>\n\n\n\n<p><a href=\"https:\/\/www.thorsten-schneider.com\/blog\/asian-mod-cooperative\/\" data-type=\"page\" data-id=\"2748\">zur\u00fcck zur Auswahl &gt;<\/a><\/p>\n","protected":false},"excerpt":{"rendered":"<p>Inspiration M\u00fchle Glash\u00fctte Sea-Timer BlackMotion Basis Samurai-Stil 43mm Geh\u00e4use Samurai-Stil Edelstahl teilmattiert schwarz PVD-beschichtet 43mm Geh\u00e4useboden Glasboden Zifferblatt Rafflestime &#8222;Black SM Sun&#8220; mit wei\u00dfen Indizes (28,5mm) Werk Seiko NH35 Datumsscheibe &#8211; Stundenzeiger MM-Stil dunkelgrau mit wei\u00dfem Lume Minutenzeiger MM-Stil dunkelgrau mit wei\u00dfem Lume Sekundenzeiger rot mit wei\u00dfem Lume Krone Edelstahl matt schwarz PVD-beschichtet L\u00fcnette Edelstahl &hellip; <\/p>\n<p class=\"link-more\"><a href=\"https:\/\/www.thorsten-schneider.com\/blog\/1-samurai-blackmotion\/\" class=\"more-link\"><span class=\"screen-reader-text\">\u201e1 &#8211; Samurai BlackMotion\u201c <\/span>weiterlesen<\/a><\/p>\n","protected":false},"author":1,"featured_media":0,"parent":0,"menu_order":0,"comment_status":"closed","ping_status":"closed","template":"","meta":{"footnotes":""},"class_list":["post-2933","page","type-page","status-publish","hentry"],"_links":{"self":[{"href":"https:\/\/www.thorsten-schneider.com\/blog\/wp-json\/wp\/v2\/pages\/2933","targetHints":{"allow":["GET"]}}],"collection":[{"href":"https:\/\/www.thorsten-schneider.com\/blog\/wp-json\/wp\/v2\/pages"}],"about":[{"href":"https:\/\/www.thorsten-schneider.com\/blog\/wp-json\/wp\/v2\/types\/page"}],"author":[{"embeddable":true,"href":"https:\/\/www.thorsten-schneider.com\/blog\/wp-json\/wp\/v2\/users\/1"}],"replies":[{"embeddable":true,"href":"https:\/\/www.thorsten-schneider.com\/blog\/wp-json\/wp\/v2\/comments?post=2933"}],"version-history":[{"count":7,"href":"https:\/\/www.thorsten-schneider.com\/blog\/wp-json\/wp\/v2\/pages\/2933\/revisions"}],"predecessor-version":[{"id":4926,"href":"https:\/\/www.thorsten-schneider.com\/blog\/wp-json\/wp\/v2\/pages\/2933\/revisions\/4926"}],"wp:attachment":[{"href":"https:\/\/www.thorsten-schneider.com\/blog\/wp-json\/wp\/v2\/media?parent=2933"}],"curies":[{"name":"wp","href":"https:\/\/api.w.org\/{rel}","templated":true}]}}