{"id":2920,"date":"2024-02-20T13:24:39","date_gmt":"2024-02-20T12:24:39","guid":{"rendered":"https:\/\/www.thorsten-schneider.com\/blog\/?page_id=2920"},"modified":"2024-02-22T13:09:49","modified_gmt":"2024-02-22T12:09:49","slug":"1-bludox","status":"publish","type":"page","link":"https:\/\/www.thorsten-schneider.com\/blog\/1-bludox\/","title":{"rendered":"1 &#8211; BluDox"},"content":{"rendered":"\n<figure class=\"wp-block-image size-large\"><img loading=\"lazy\" decoding=\"async\" width=\"1024\" height=\"768\" src=\"https:\/\/www.thorsten-schneider.com\/blog\/wp-content\/uploads\/2024\/02\/bludox-1024x768.jpeg\" alt=\"\" class=\"wp-image-2912\" srcset=\"https:\/\/www.thorsten-schneider.com\/blog\/wp-content\/uploads\/2024\/02\/bludox-1024x768.jpeg 1024w, https:\/\/www.thorsten-schneider.com\/blog\/wp-content\/uploads\/2024\/02\/bludox-300x225.jpeg 300w, https:\/\/www.thorsten-schneider.com\/blog\/wp-content\/uploads\/2024\/02\/bludox-768x576.jpeg 768w, https:\/\/www.thorsten-schneider.com\/blog\/wp-content\/uploads\/2024\/02\/bludox-1536x1152.jpeg 1536w, https:\/\/www.thorsten-schneider.com\/blog\/wp-content\/uploads\/2024\/02\/bludox.jpeg 1600w\" sizes=\"auto, (max-width: 767px) 89vw, (max-width: 1000px) 54vw, (max-width: 1071px) 543px, 580px\" \/><\/figure>\n\n\n\n<figure class=\"wp-block-table is-style-stripes\"><table><tbody><tr><td>Inspiration<\/td><td>Doxa<\/td><\/tr><tr><td>Basis<\/td><td>Doxa-Stil 42mm<\/td><\/tr><tr><td>Geh\u00e4use<\/td><td>Doxa-Stil Edelstahl 42mm teilmattiert<\/td><\/tr><tr><td>Geh\u00e4useboden<\/td><td>Edelstahl mattiert<\/td><\/tr><tr><td><\/td><td><\/td><\/tr><tr><td>Zifferblatt<\/td><td><strong>Rafflestime &#8222;Blue SM Sun&#8220; meerblau mit wei\u00dfen Indizes (28,5mm)<\/strong><\/td><\/tr><tr><td>Werk<\/td><td>Seiko NH35<\/td><\/tr><tr><td>Datumsscheibe<\/td><td>&#8211;<\/td><\/tr><tr><td>Stundenzeiger<\/td><td><strong>Milsub wei\u00df mit wei\u00dfem Lume<\/strong><\/td><\/tr><tr><td>Minutenzeiger<\/td><td><strong>Milsub wei\u00df mit wei\u00dfem Lume<\/strong><\/td><\/tr><tr><td>Sekundenzeiger<\/td><td><strong>Pfeilzeiger wei\u00df<\/strong><\/td><\/tr><tr><td>Krone<\/td><td>Edelstahl poliert<\/td><\/tr><tr><td>L\u00fcnette<\/td><td>Edelstahl mattiert<\/td><\/tr><tr><td>L\u00fcnetteninlay<\/td><td>Doxa-Stil Edelstahl mattiert mit hellblauen Ziffern<\/td><\/tr><tr><td><\/td><td><\/td><\/tr><tr><td>Paratrooper<\/td><td><strong>dunkelblau mit wei\u00dfem Streifen und Edelstahl-Hakenschlie\u00dfe<\/strong><\/td><\/tr><tr><td>Kautschuk<\/td><td>Tropic dunkelblau mit Edelstahl-Dornschlie\u00dfe<\/td><\/tr><tr><td>Single Pass Strap<\/td><td>dunkelblau mit wei\u00dfem Streifen und Edelstahl-Dornschlie\u00dfe<\/td><\/tr><\/tbody><\/table><figcaption class=\"wp-element-caption\">Alle von mir durchgef\u00fchrten \u00c4nderungen zum Serienmodell und das auf dem Foto abgebildete Band sind <strong>fett<\/strong> markiert.<\/figcaption><\/figure>\n\n\n\n<p><a href=\"https:\/\/www.thorsten-schneider.com\/blog\/asian-mod-cooperative\/\" data-type=\"page\" data-id=\"2748\">zur\u00fcck zur Auswahl &gt;<\/a><\/p>\n","protected":false},"excerpt":{"rendered":"<p>Inspiration Doxa Basis Doxa-Stil 42mm Geh\u00e4use Doxa-Stil Edelstahl 42mm teilmattiert Geh\u00e4useboden Edelstahl mattiert Zifferblatt Rafflestime &#8222;Blue SM Sun&#8220; meerblau mit wei\u00dfen Indizes (28,5mm) Werk Seiko NH35 Datumsscheibe &#8211; Stundenzeiger Milsub wei\u00df mit wei\u00dfem Lume Minutenzeiger Milsub wei\u00df mit wei\u00dfem Lume Sekundenzeiger Pfeilzeiger wei\u00df Krone Edelstahl poliert L\u00fcnette Edelstahl mattiert L\u00fcnetteninlay Doxa-Stil Edelstahl mattiert mit hellblauen &hellip; <\/p>\n<p class=\"link-more\"><a href=\"https:\/\/www.thorsten-schneider.com\/blog\/1-bludox\/\" class=\"more-link\"><span class=\"screen-reader-text\">\u201e1 &#8211; BluDox\u201c <\/span>weiterlesen<\/a><\/p>\n","protected":false},"author":1,"featured_media":0,"parent":0,"menu_order":0,"comment_status":"closed","ping_status":"closed","template":"","meta":{"footnotes":""},"class_list":["post-2920","page","type-page","status-publish","hentry"],"_links":{"self":[{"href":"https:\/\/www.thorsten-schneider.com\/blog\/wp-json\/wp\/v2\/pages\/2920","targetHints":{"allow":["GET"]}}],"collection":[{"href":"https:\/\/www.thorsten-schneider.com\/blog\/wp-json\/wp\/v2\/pages"}],"about":[{"href":"https:\/\/www.thorsten-schneider.com\/blog\/wp-json\/wp\/v2\/types\/page"}],"author":[{"embeddable":true,"href":"https:\/\/www.thorsten-schneider.com\/blog\/wp-json\/wp\/v2\/users\/1"}],"replies":[{"embeddable":true,"href":"https:\/\/www.thorsten-schneider.com\/blog\/wp-json\/wp\/v2\/comments?post=2920"}],"version-history":[{"count":2,"href":"https:\/\/www.thorsten-schneider.com\/blog\/wp-json\/wp\/v2\/pages\/2920\/revisions"}],"predecessor-version":[{"id":2924,"href":"https:\/\/www.thorsten-schneider.com\/blog\/wp-json\/wp\/v2\/pages\/2920\/revisions\/2924"}],"wp:attachment":[{"href":"https:\/\/www.thorsten-schneider.com\/blog\/wp-json\/wp\/v2\/media?parent=2920"}],"curies":[{"name":"wp","href":"https:\/\/api.w.org\/{rel}","templated":true}]}}