{"id":2883,"date":"2024-02-15T13:14:10","date_gmt":"2024-02-15T12:14:10","guid":{"rendered":"https:\/\/www.thorsten-schneider.com\/blog\/?page_id=2883"},"modified":"2025-03-13T13:07:43","modified_gmt":"2025-03-13T12:07:43","slug":"1-black-pilot-lume","status":"publish","type":"page","link":"https:\/\/www.thorsten-schneider.com\/blog\/1-black-pilot-lume\/","title":{"rendered":"1 &#8211; Black Pilot Full Lume"},"content":{"rendered":"\n<figure class=\"wp-block-image size-large\"><img loading=\"lazy\" decoding=\"async\" width=\"1024\" height=\"768\" src=\"https:\/\/www.thorsten-schneider.com\/blog\/wp-content\/uploads\/2024\/02\/black_pilot_lume-1024x768.jpeg\" alt=\"\" class=\"wp-image-2886\" srcset=\"https:\/\/www.thorsten-schneider.com\/blog\/wp-content\/uploads\/2024\/02\/black_pilot_lume-1024x768.jpeg 1024w, https:\/\/www.thorsten-schneider.com\/blog\/wp-content\/uploads\/2024\/02\/black_pilot_lume-300x225.jpeg 300w, https:\/\/www.thorsten-schneider.com\/blog\/wp-content\/uploads\/2024\/02\/black_pilot_lume-768x576.jpeg 768w, https:\/\/www.thorsten-schneider.com\/blog\/wp-content\/uploads\/2024\/02\/black_pilot_lume-1536x1152.jpeg 1536w, https:\/\/www.thorsten-schneider.com\/blog\/wp-content\/uploads\/2024\/02\/black_pilot_lume.jpeg 1600w\" sizes=\"auto, (max-width: 767px) 89vw, (max-width: 1000px) 54vw, (max-width: 1071px) 543px, 580px\" \/><\/figure>\n\n\n\n<figure class=\"wp-block-table is-style-stripes\"><table><tbody><tr><td>Inspiration<\/td><td>&#8211;<\/td><\/tr><tr><td>Basis<\/td><td>Pilot 41mm<\/td><\/tr><tr><td>Geh\u00e4use<\/td><td>Edelstahl matt schwarz PVD 41mm<\/td><\/tr><tr><td>Geh\u00e4useboden<\/td><td>Glasboden<\/td><\/tr><tr><td><\/td><td><\/td><\/tr><tr><td>Zifferblatt<\/td><td><strong>Full Lume mit schwarzen Indizes (28,5mm)<\/strong><\/td><\/tr><tr><td>Werk<\/td><td>Seiko NH35<\/td><\/tr><tr><td>Datumsscheibe<\/td><td>schwarz<\/td><\/tr><tr><td>Stundenzeiger<\/td><td><strong>Pencil schwarz mit wei\u00dfem Lume<\/strong><\/td><\/tr><tr><td>Minutenzeiger<\/td><td><strong>Pencil schwarz mit wei\u00dfem Lume<\/strong><\/td><\/tr><tr><td>Sekundenzeiger<\/td><td><strong>Pfeilzeiger schwarz mit wei\u00dfem Lume<\/strong><\/td><\/tr><tr><td>Krone<\/td><td>Edelstahl poliert schwarz PVD<\/td><\/tr><tr><td>L\u00fcnette<\/td><td>Edelstahl teilmattiert schwarz PVD<\/td><\/tr><tr><td>L\u00fcnetteninlay<\/td><td>&#8211;<\/td><\/tr><tr><td><\/td><td><\/td><\/tr><tr><td>Canvas<\/td><td><strong>oliv mit schwarzer PVD-Dornschlie\u00dfe<\/strong><\/td><\/tr><tr><td>Sailcloth<\/td><td>schwarz mit schwarzer PVD-Dornschlie\u00dfe<\/td><\/tr><tr><td>Kautschuk<\/td><td>schwarz mit beigefarbener Ziernaht und schwarzer PVD-Dornschlie\u00dfe<\/td><\/tr><tr><td>Paratrooper<\/td><td>schwarz mit schwarzer PVD-Hakenschlie\u00dfe<\/td><\/tr><\/tbody><\/table><figcaption class=\"wp-element-caption\">Alle von mir durchgef\u00fchrten \u00c4nderungen zum Serienmodell und das auf dem Foto abgebildete Band sind <strong>fett<\/strong> markiert.<\/figcaption><\/figure>\n\n\n\n<p><a href=\"https:\/\/www.thorsten-schneider.com\/blog\/asian-mod-cooperative\/\" data-type=\"page\" data-id=\"2748\">zur\u00fcck zur Auswahl &gt;<\/a><\/p>\n","protected":false},"excerpt":{"rendered":"<p>Inspiration &#8211; Basis Pilot 41mm Geh\u00e4use Edelstahl matt schwarz PVD 41mm Geh\u00e4useboden Glasboden Zifferblatt Full Lume mit schwarzen Indizes (28,5mm) Werk Seiko NH35 Datumsscheibe schwarz Stundenzeiger Pencil schwarz mit wei\u00dfem Lume Minutenzeiger Pencil schwarz mit wei\u00dfem Lume Sekundenzeiger Pfeilzeiger schwarz mit wei\u00dfem Lume Krone Edelstahl poliert schwarz PVD L\u00fcnette Edelstahl teilmattiert schwarz PVD L\u00fcnetteninlay &#8211; &hellip; <\/p>\n<p class=\"link-more\"><a href=\"https:\/\/www.thorsten-schneider.com\/blog\/1-black-pilot-lume\/\" class=\"more-link\"><span class=\"screen-reader-text\">\u201e1 &#8211; Black Pilot Full Lume\u201c <\/span>weiterlesen<\/a><\/p>\n","protected":false},"author":1,"featured_media":0,"parent":0,"menu_order":0,"comment_status":"closed","ping_status":"closed","template":"","meta":{"footnotes":""},"class_list":["post-2883","page","type-page","status-publish","hentry"],"_links":{"self":[{"href":"https:\/\/www.thorsten-schneider.com\/blog\/wp-json\/wp\/v2\/pages\/2883","targetHints":{"allow":["GET"]}}],"collection":[{"href":"https:\/\/www.thorsten-schneider.com\/blog\/wp-json\/wp\/v2\/pages"}],"about":[{"href":"https:\/\/www.thorsten-schneider.com\/blog\/wp-json\/wp\/v2\/types\/page"}],"author":[{"embeddable":true,"href":"https:\/\/www.thorsten-schneider.com\/blog\/wp-json\/wp\/v2\/users\/1"}],"replies":[{"embeddable":true,"href":"https:\/\/www.thorsten-schneider.com\/blog\/wp-json\/wp\/v2\/comments?post=2883"}],"version-history":[{"count":6,"href":"https:\/\/www.thorsten-schneider.com\/blog\/wp-json\/wp\/v2\/pages\/2883\/revisions"}],"predecessor-version":[{"id":4024,"href":"https:\/\/www.thorsten-schneider.com\/blog\/wp-json\/wp\/v2\/pages\/2883\/revisions\/4024"}],"wp:attachment":[{"href":"https:\/\/www.thorsten-schneider.com\/blog\/wp-json\/wp\/v2\/media?parent=2883"}],"curies":[{"name":"wp","href":"https:\/\/api.w.org\/{rel}","templated":true}]}}