{"id":2866,"date":"2024-02-12T11:38:29","date_gmt":"2024-02-12T10:38:29","guid":{"rendered":"https:\/\/www.thorsten-schneider.com\/blog\/?page_id=2866"},"modified":"2026-03-26T09:40:56","modified_gmt":"2026-03-26T08:40:56","slug":"1-vintage-fieldwatch","status":"publish","type":"page","link":"https:\/\/www.thorsten-schneider.com\/blog\/1-vintage-fieldwatch\/","title":{"rendered":"1 &#8211; Vintage Fieldwatch"},"content":{"rendered":"\n<figure class=\"wp-block-image size-large\"><img loading=\"lazy\" decoding=\"async\" width=\"1024\" height=\"768\" src=\"https:\/\/www.thorsten-schneider.com\/blog\/wp-content\/uploads\/2026\/02\/vintage_fieldwatch-1024x768.jpeg\" alt=\"\" class=\"wp-image-5020\" srcset=\"https:\/\/www.thorsten-schneider.com\/blog\/wp-content\/uploads\/2026\/02\/vintage_fieldwatch-1024x768.jpeg 1024w, https:\/\/www.thorsten-schneider.com\/blog\/wp-content\/uploads\/2026\/02\/vintage_fieldwatch-300x225.jpeg 300w, https:\/\/www.thorsten-schneider.com\/blog\/wp-content\/uploads\/2026\/02\/vintage_fieldwatch-768x576.jpeg 768w, https:\/\/www.thorsten-schneider.com\/blog\/wp-content\/uploads\/2026\/02\/vintage_fieldwatch-1536x1152.jpeg 1536w, https:\/\/www.thorsten-schneider.com\/blog\/wp-content\/uploads\/2026\/02\/vintage_fieldwatch.jpeg 1600w\" sizes=\"auto, (max-width: 767px) 89vw, (max-width: 1000px) 54vw, (max-width: 1071px) 543px, 580px\" \/><\/figure>\n\n\n\n<figure class=\"wp-block-image size-large\"><img loading=\"lazy\" decoding=\"async\" width=\"1024\" height=\"768\" src=\"https:\/\/www.thorsten-schneider.com\/blog\/wp-content\/uploads\/2026\/03\/vintage_fieldwatch_nato-1024x768.jpeg\" alt=\"\" class=\"wp-image-5211\" srcset=\"https:\/\/www.thorsten-schneider.com\/blog\/wp-content\/uploads\/2026\/03\/vintage_fieldwatch_nato-1024x768.jpeg 1024w, https:\/\/www.thorsten-schneider.com\/blog\/wp-content\/uploads\/2026\/03\/vintage_fieldwatch_nato-300x225.jpeg 300w, https:\/\/www.thorsten-schneider.com\/blog\/wp-content\/uploads\/2026\/03\/vintage_fieldwatch_nato-768x576.jpeg 768w, https:\/\/www.thorsten-schneider.com\/blog\/wp-content\/uploads\/2026\/03\/vintage_fieldwatch_nato-1536x1152.jpeg 1536w, https:\/\/www.thorsten-schneider.com\/blog\/wp-content\/uploads\/2026\/03\/vintage_fieldwatch_nato.jpeg 1600w\" sizes=\"auto, (max-width: 767px) 89vw, (max-width: 1000px) 54vw, (max-width: 1071px) 543px, 580px\" \/><\/figure>\n\n\n\n<figure class=\"wp-block-table is-style-stripes\"><table><tbody><tr><td>Inspiration<\/td><td>WWII Fieldwatch<\/td><\/tr><tr><td>Basis<\/td><td>BB-Stil 39mm<\/td><\/tr><tr><td>Geh\u00e4use<\/td><td>BB-Stil Edelstahl mattiert 39mm<\/td><\/tr><tr><td>Geh\u00e4useboden<\/td><td>Edelstahl mattiert<\/td><\/tr><tr><td><\/td><td><\/td><\/tr><tr><td>Zifferblatt<\/td><td><strong>Fieldwatch schwarz matt mit gelben Ziffern (28,5mm)<\/strong><\/td><\/tr><tr><td>Werk<\/td><td>Seiko NH35<\/td><\/tr><tr><td>Datumsscheibe<\/td><td>&#8211;<\/td><\/tr><tr><td>Stundenzeiger<\/td><td><strong>Milspec silber mit gelbem Lume<\/strong><\/td><\/tr><tr><td>Minutenzeiger<\/td><td><strong><strong><strong>Milspec silber mit gelbem Lume<\/strong><\/strong><\/strong><\/td><\/tr><tr><td>Sekundenzeiger<\/td><td><strong>silber mit gelbem Lume<\/strong><\/td><\/tr><tr><td>Krone<\/td><td>Edelstahl poliert<\/td><\/tr><tr><td>L\u00fcnette<\/td><td>Edelstahl mattiert<\/td><\/tr><tr><td>L\u00fcnetteninlay<\/td><td>BB-Stil silber mit schwarzen Indizes und rotem Dreieck<\/td><\/tr><tr><td><\/td><td><\/td><\/tr><tr><td>Nato<\/td><td><strong>2-Piece schwarz mit beigefarbenem Streifen und Edelstahl-Dornschlie\u00dfe<\/strong><\/td><\/tr><tr><td>Nato<\/td><td><strong>2-Piece schwarz mit beigefarbenen und rotem Streifen und Edelstahl-Dornschlie\u00dfe<\/strong><\/td><\/tr><tr><td>Paratrooper<\/td><td>beige mit Edelstahl-Hakenschlie\u00dfe<\/td><\/tr><tr><td>Leder<\/td><td>Vintage hellbraun mit beigefarbener Ziernaht und Edelstahl-Dornschlie\u00dfe<\/td><\/tr><\/tbody><\/table><figcaption class=\"wp-element-caption\">Alle von mir durchgef\u00fchrten \u00c4nderungen zum Serienmodell und den auf den Fotos abgebildeten B\u00e4ndern sind <strong>fett<\/strong> markiert.<\/figcaption><\/figure>\n\n\n\n<p><a href=\"https:\/\/www.thorsten-schneider.com\/blog\/asian-mod-cooperative\/\" data-type=\"page\" data-id=\"2748\">zur\u00fcck zur Auswahl &gt;<\/a><\/p>\n","protected":false},"excerpt":{"rendered":"<p>Inspiration WWII Fieldwatch Basis BB-Stil 39mm Geh\u00e4use BB-Stil Edelstahl mattiert 39mm Geh\u00e4useboden Edelstahl mattiert Zifferblatt Fieldwatch schwarz matt mit gelben Ziffern (28,5mm) Werk Seiko NH35 Datumsscheibe &#8211; Stundenzeiger Milspec silber mit gelbem Lume Minutenzeiger Milspec silber mit gelbem Lume Sekundenzeiger silber mit gelbem Lume Krone Edelstahl poliert L\u00fcnette Edelstahl mattiert L\u00fcnetteninlay BB-Stil silber mit schwarzen &hellip; <\/p>\n<p class=\"link-more\"><a href=\"https:\/\/www.thorsten-schneider.com\/blog\/1-vintage-fieldwatch\/\" class=\"more-link\"><span class=\"screen-reader-text\">\u201e1 &#8211; Vintage Fieldwatch\u201c <\/span>weiterlesen<\/a><\/p>\n","protected":false},"author":1,"featured_media":0,"parent":0,"menu_order":0,"comment_status":"closed","ping_status":"closed","template":"","meta":{"footnotes":""},"class_list":["post-2866","page","type-page","status-publish","hentry"],"_links":{"self":[{"href":"https:\/\/www.thorsten-schneider.com\/blog\/wp-json\/wp\/v2\/pages\/2866","targetHints":{"allow":["GET"]}}],"collection":[{"href":"https:\/\/www.thorsten-schneider.com\/blog\/wp-json\/wp\/v2\/pages"}],"about":[{"href":"https:\/\/www.thorsten-schneider.com\/blog\/wp-json\/wp\/v2\/types\/page"}],"author":[{"embeddable":true,"href":"https:\/\/www.thorsten-schneider.com\/blog\/wp-json\/wp\/v2\/users\/1"}],"replies":[{"embeddable":true,"href":"https:\/\/www.thorsten-schneider.com\/blog\/wp-json\/wp\/v2\/comments?post=2866"}],"version-history":[{"count":20,"href":"https:\/\/www.thorsten-schneider.com\/blog\/wp-json\/wp\/v2\/pages\/2866\/revisions"}],"predecessor-version":[{"id":5232,"href":"https:\/\/www.thorsten-schneider.com\/blog\/wp-json\/wp\/v2\/pages\/2866\/revisions\/5232"}],"wp:attachment":[{"href":"https:\/\/www.thorsten-schneider.com\/blog\/wp-json\/wp\/v2\/media?parent=2866"}],"curies":[{"name":"wp","href":"https:\/\/api.w.org\/{rel}","templated":true}]}}