{"id":2659,"date":"2024-01-25T19:17:52","date_gmt":"2024-01-25T18:17:52","guid":{"rendered":"https:\/\/www.thorsten-schneider.com\/blog\/?page_id=2659"},"modified":"2026-03-25T15:12:14","modified_gmt":"2026-03-25T14:12:14","slug":"1-black-vintage","status":"publish","type":"page","link":"https:\/\/www.thorsten-schneider.com\/blog\/1-black-vintage\/","title":{"rendered":"1 &#8211; 556 RS Black Mod"},"content":{"rendered":"\n<figure class=\"wp-block-image size-large\"><img loading=\"lazy\" decoding=\"async\" width=\"1024\" height=\"768\" src=\"https:\/\/www.thorsten-schneider.com\/blog\/wp-content\/uploads\/2026\/03\/556_rs_black_mod-1024x768.jpeg\" alt=\"\" class=\"wp-image-5129\" srcset=\"https:\/\/www.thorsten-schneider.com\/blog\/wp-content\/uploads\/2026\/03\/556_rs_black_mod-1024x768.jpeg 1024w, https:\/\/www.thorsten-schneider.com\/blog\/wp-content\/uploads\/2026\/03\/556_rs_black_mod-300x225.jpeg 300w, https:\/\/www.thorsten-schneider.com\/blog\/wp-content\/uploads\/2026\/03\/556_rs_black_mod-768x576.jpeg 768w, https:\/\/www.thorsten-schneider.com\/blog\/wp-content\/uploads\/2026\/03\/556_rs_black_mod-1536x1152.jpeg 1536w, https:\/\/www.thorsten-schneider.com\/blog\/wp-content\/uploads\/2026\/03\/556_rs_black_mod.jpeg 1600w\" sizes=\"auto, (max-width: 767px) 89vw, (max-width: 1000px) 54vw, (max-width: 1071px) 543px, 580px\" \/><\/figure>\n\n\n\n<figure class=\"wp-block-table is-style-stripes\"><table><tbody><tr><td>Inspiration<\/td><td>Sinn 556 RS<\/td><\/tr><tr><td>Basis<\/td><td>Pilot Edelstahl 39mm<\/td><\/tr><tr><td>Geh\u00e4use<\/td><td>Pilot Edelstahl schwarz matt PVD 39mm<\/td><\/tr><tr><td>Geh\u00e4useboden<\/td><td>Glasboden<\/td><\/tr><tr><td><\/td><td><\/td><\/tr><tr><td>Zifferblatt<\/td><td><strong>Sinn 556 Stil schwarz mit wei\u00dfen Ziffern (28,5mm)<\/strong><\/td><\/tr><tr><td>Werk<\/td><td>Seiko NH35<\/td><\/tr><tr><td>Datumsscheibe<\/td><td>&#8211;<\/td><\/tr><tr><td>Stundenzeiger<\/td><td><strong>Pilot schwarz mit wei\u00dfem Lume<\/strong><\/td><\/tr><tr><td>Minutenzeiger<\/td><td><strong><strong><strong>Pilot schwarz-rot mit wei\u00dfem Lume<\/strong><\/strong><\/strong><\/td><\/tr><tr><td>Sekundenzeiger<\/td><td><strong>Pfeilzeiger rot-schwarz teillackiert<\/strong><\/td><\/tr><tr><td>Krone<\/td><td>Edelstahl schwarz gl\u00e4nzend PVD<\/td><\/tr><tr><td>L\u00fcnette<\/td><td>Edelstahl schwarz matt PVD<\/td><\/tr><tr><td>L\u00fcnetteninlay<\/td><td>&#8211;<\/td><\/tr><tr><td><\/td><td><\/td><\/tr><tr><td>Paratrooper<\/td><td><strong>schwarz mit rotem Streifen und schwarzer PVD-Hakenschlie\u00dfe<\/strong><\/td><\/tr><tr><td>Leder<\/td><td>schwarz mit roter Ziernaht und schwarzer PVD-Dornschlie\u00dfe<\/td><\/tr><tr><td>Canvas<\/td><td>schwarz mit schwarzer PVD-Dornschlie\u00dfe<\/td><\/tr><\/tbody><\/table><figcaption class=\"wp-element-caption\">Alle von mir durchgef\u00fchrten \u00c4nderungen zum Serienmodell und das auf dem Foto abgebildete Band sind <strong>fett<\/strong> markiert.<\/figcaption><\/figure>\n\n\n\n<p><a href=\"https:\/\/www.thorsten-schneider.com\/blog\/asian-mod-cooperative\/\" data-type=\"page\" data-id=\"2748\">zur\u00fcck zur Auswahl &gt;<\/a><\/p>\n","protected":false},"excerpt":{"rendered":"<p>Inspiration Sinn 556 RS Basis Pilot Edelstahl 39mm Geh\u00e4use Pilot Edelstahl schwarz matt PVD 39mm Geh\u00e4useboden Glasboden Zifferblatt Sinn 556 Stil schwarz mit wei\u00dfen Ziffern (28,5mm) Werk Seiko NH35 Datumsscheibe &#8211; Stundenzeiger Pilot schwarz mit wei\u00dfem Lume Minutenzeiger Pilot schwarz-rot mit wei\u00dfem Lume Sekundenzeiger Pfeilzeiger rot-schwarz teillackiert Krone Edelstahl schwarz gl\u00e4nzend PVD L\u00fcnette Edelstahl schwarz &hellip; <\/p>\n<p class=\"link-more\"><a href=\"https:\/\/www.thorsten-schneider.com\/blog\/1-black-vintage\/\" class=\"more-link\"><span class=\"screen-reader-text\">\u201e1 &#8211; 556 RS Black Mod\u201c <\/span>weiterlesen<\/a><\/p>\n","protected":false},"author":1,"featured_media":0,"parent":0,"menu_order":0,"comment_status":"closed","ping_status":"closed","template":"","meta":{"footnotes":""},"class_list":["post-2659","page","type-page","status-publish","hentry"],"_links":{"self":[{"href":"https:\/\/www.thorsten-schneider.com\/blog\/wp-json\/wp\/v2\/pages\/2659","targetHints":{"allow":["GET"]}}],"collection":[{"href":"https:\/\/www.thorsten-schneider.com\/blog\/wp-json\/wp\/v2\/pages"}],"about":[{"href":"https:\/\/www.thorsten-schneider.com\/blog\/wp-json\/wp\/v2\/types\/page"}],"author":[{"embeddable":true,"href":"https:\/\/www.thorsten-schneider.com\/blog\/wp-json\/wp\/v2\/users\/1"}],"replies":[{"embeddable":true,"href":"https:\/\/www.thorsten-schneider.com\/blog\/wp-json\/wp\/v2\/comments?post=2659"}],"version-history":[{"count":23,"href":"https:\/\/www.thorsten-schneider.com\/blog\/wp-json\/wp\/v2\/pages\/2659\/revisions"}],"predecessor-version":[{"id":5197,"href":"https:\/\/www.thorsten-schneider.com\/blog\/wp-json\/wp\/v2\/pages\/2659\/revisions\/5197"}],"wp:attachment":[{"href":"https:\/\/www.thorsten-schneider.com\/blog\/wp-json\/wp\/v2\/media?parent=2659"}],"curies":[{"name":"wp","href":"https:\/\/api.w.org\/{rel}","templated":true}]}}