{"id":2648,"date":"2024-01-25T21:21:37","date_gmt":"2024-01-25T20:21:37","guid":{"rendered":"https:\/\/www.thorsten-schneider.com\/blog\/?page_id=2648"},"modified":"2025-05-19T15:01:46","modified_gmt":"2025-05-19T13:01:46","slug":"1-olive-diver","status":"publish","type":"page","link":"https:\/\/www.thorsten-schneider.com\/blog\/1-olive-diver\/","title":{"rendered":"1 &#8211; Olive Diver"},"content":{"rendered":"\n<figure class=\"wp-block-image size-large\"><img loading=\"lazy\" decoding=\"async\" width=\"1024\" height=\"768\" src=\"https:\/\/www.thorsten-schneider.com\/blog\/wp-content\/uploads\/2025\/05\/olive_diver-1024x768.jpeg\" alt=\"\" class=\"wp-image-4259\" srcset=\"https:\/\/www.thorsten-schneider.com\/blog\/wp-content\/uploads\/2025\/05\/olive_diver-1024x768.jpeg 1024w, https:\/\/www.thorsten-schneider.com\/blog\/wp-content\/uploads\/2025\/05\/olive_diver-300x225.jpeg 300w, https:\/\/www.thorsten-schneider.com\/blog\/wp-content\/uploads\/2025\/05\/olive_diver-768x576.jpeg 768w, https:\/\/www.thorsten-schneider.com\/blog\/wp-content\/uploads\/2025\/05\/olive_diver-1536x1152.jpeg 1536w, https:\/\/www.thorsten-schneider.com\/blog\/wp-content\/uploads\/2025\/05\/olive_diver.jpeg 1600w\" sizes=\"auto, (max-width: 767px) 89vw, (max-width: 1000px) 54vw, (max-width: 1071px) 543px, 580px\" \/><\/figure>\n\n\n\n<figure class=\"wp-block-table is-style-stripes\"><table><tbody><tr><td>Inspiration<\/td><td>&#8211;<\/td><\/tr><tr><td>Basis<\/td><td>Addiesdive Vintage Diver 40mm<\/td><\/tr><tr><td>Geh\u00e4use<\/td><td>Addiesdive Vintage Diver mattiert 40mm<\/td><\/tr><tr><td>Geh\u00e4useboden<\/td><td>Edelstahl mattiert mit Tauchermotiv<\/td><\/tr><tr><td><\/td><td><\/td><\/tr><tr><td>Zifferblatt<\/td><td><strong>oliv strukturiert mit silbernen Ziffern (31mm)<\/strong><\/td><\/tr><tr><td>Werk<\/td><td>Seiko NH35<\/td><\/tr><tr><td>Datumsscheibe<\/td><td>wei\u00df<\/td><\/tr><tr><td>Stundenzeiger<\/td><td><strong>PRX-Stil silber mit wei\u00dfem Lume<\/strong><\/td><\/tr><tr><td>Minutenzeiger<\/td><td><strong><strong>PRX-Stil silber mit wei\u00dfem Lume<\/strong><\/strong><\/td><\/tr><tr><td>Sekundenzeiger<\/td><td><strong><strong><strong>silber mit wei\u00dfem Lume<\/strong><\/strong><\/strong><\/td><\/tr><tr><td>Krone<\/td><td>Edelstahl matt gestrahlt<\/td><\/tr><tr><td>L\u00fcnette<\/td><td>Edelstahl mattiert<\/td><\/tr><tr><td>L\u00fcnetteninlay<\/td><td><strong>Edelstahl mattiert<\/strong><\/td><\/tr><tr><td><\/td><td><\/td><\/tr><tr><td>Wildleder<\/td><td><strong>hellbraun mit beigefarbener Ziernaht und Edelstahl-Dornschlie\u00dfe<\/strong><\/td><\/tr><tr><td>Leder<\/td><td>braun mit wei\u00dfer Ziernaht und Edelstahl-Dornschlie\u00dfe<\/td><\/tr><tr><td>Wildleder<\/td><td>grau mit wei\u00dfer Ziernaht und Edelstahl-Dornschlie\u00dfe<\/td><\/tr><tr><td>Canvas<\/td><td>grau mit Edelstahl-Dornschlie\u00dfe<\/td><\/tr><\/tbody><\/table><figcaption class=\"wp-element-caption\">Alle von mir durchgef\u00fchrten \u00c4nderungen zum Serienmodell und das auf dem Foto abgebildete Band sind <strong>fett<\/strong> markiert.<\/figcaption><\/figure>\n\n\n\n<p><a href=\"https:\/\/www.thorsten-schneider.com\/blog\/asian-mod-cooperative\/\" data-type=\"page\" data-id=\"2748\">zur\u00fcck zur Auswahl &gt;<\/a><\/p>\n","protected":false},"excerpt":{"rendered":"<p>Inspiration &#8211; Basis Addiesdive Vintage Diver 40mm Geh\u00e4use Addiesdive Vintage Diver mattiert 40mm Geh\u00e4useboden Edelstahl mattiert mit Tauchermotiv Zifferblatt oliv strukturiert mit silbernen Ziffern (31mm) Werk Seiko NH35 Datumsscheibe wei\u00df Stundenzeiger PRX-Stil silber mit wei\u00dfem Lume Minutenzeiger PRX-Stil silber mit wei\u00dfem Lume Sekundenzeiger silber mit wei\u00dfem Lume Krone Edelstahl matt gestrahlt L\u00fcnette Edelstahl mattiert L\u00fcnetteninlay &hellip; <\/p>\n<p class=\"link-more\"><a href=\"https:\/\/www.thorsten-schneider.com\/blog\/1-olive-diver\/\" class=\"more-link\"><span class=\"screen-reader-text\">\u201e1 &#8211; Olive Diver\u201c <\/span>weiterlesen<\/a><\/p>\n","protected":false},"author":1,"featured_media":0,"parent":0,"menu_order":0,"comment_status":"closed","ping_status":"closed","template":"","meta":{"footnotes":""},"class_list":["post-2648","page","type-page","status-publish","hentry"],"_links":{"self":[{"href":"https:\/\/www.thorsten-schneider.com\/blog\/wp-json\/wp\/v2\/pages\/2648","targetHints":{"allow":["GET"]}}],"collection":[{"href":"https:\/\/www.thorsten-schneider.com\/blog\/wp-json\/wp\/v2\/pages"}],"about":[{"href":"https:\/\/www.thorsten-schneider.com\/blog\/wp-json\/wp\/v2\/types\/page"}],"author":[{"embeddable":true,"href":"https:\/\/www.thorsten-schneider.com\/blog\/wp-json\/wp\/v2\/users\/1"}],"replies":[{"embeddable":true,"href":"https:\/\/www.thorsten-schneider.com\/blog\/wp-json\/wp\/v2\/comments?post=2648"}],"version-history":[{"count":21,"href":"https:\/\/www.thorsten-schneider.com\/blog\/wp-json\/wp\/v2\/pages\/2648\/revisions"}],"predecessor-version":[{"id":4263,"href":"https:\/\/www.thorsten-schneider.com\/blog\/wp-json\/wp\/v2\/pages\/2648\/revisions\/4263"}],"wp:attachment":[{"href":"https:\/\/www.thorsten-schneider.com\/blog\/wp-json\/wp\/v2\/media?parent=2648"}],"curies":[{"name":"wp","href":"https:\/\/api.w.org\/{rel}","templated":true}]}}