{"id":2631,"date":"2024-01-25T21:10:35","date_gmt":"2024-01-25T20:10:35","guid":{"rendered":"https:\/\/www.thorsten-schneider.com\/blog\/?page_id=2631"},"modified":"2026-02-02T13:06:02","modified_gmt":"2026-02-02T12:06:02","slug":"1-pam-black-mod","status":"publish","type":"page","link":"https:\/\/www.thorsten-schneider.com\/blog\/1-pam-black-mod\/","title":{"rendered":"1 &#8211; PAM Radio Grey Mod"},"content":{"rendered":"\n<figure class=\"wp-block-image size-large\"><img loading=\"lazy\" decoding=\"async\" width=\"1024\" height=\"768\" src=\"https:\/\/www.thorsten-schneider.com\/blog\/wp-content\/uploads\/2024\/08\/pam_grey-1024x768.jpeg\" alt=\"\" class=\"wp-image-3329\" srcset=\"https:\/\/www.thorsten-schneider.com\/blog\/wp-content\/uploads\/2024\/08\/pam_grey-1024x768.jpeg 1024w, https:\/\/www.thorsten-schneider.com\/blog\/wp-content\/uploads\/2024\/08\/pam_grey-300x225.jpeg 300w, https:\/\/www.thorsten-schneider.com\/blog\/wp-content\/uploads\/2024\/08\/pam_grey-768x576.jpeg 768w, https:\/\/www.thorsten-schneider.com\/blog\/wp-content\/uploads\/2024\/08\/pam_grey-1536x1152.jpeg 1536w, https:\/\/www.thorsten-schneider.com\/blog\/wp-content\/uploads\/2024\/08\/pam_grey.jpeg 1600w\" sizes=\"auto, (max-width: 767px) 89vw, (max-width: 1000px) 54vw, (max-width: 1071px) 543px, 580px\" \/><\/figure>\n\n\n\n<figure class=\"wp-block-image size-large\"><img loading=\"lazy\" decoding=\"async\" width=\"1024\" height=\"768\" src=\"https:\/\/www.thorsten-schneider.com\/blog\/wp-content\/uploads\/2025\/03\/pam_grey_leather-1024x768.jpeg\" alt=\"\" class=\"wp-image-4176\" srcset=\"https:\/\/www.thorsten-schneider.com\/blog\/wp-content\/uploads\/2025\/03\/pam_grey_leather-1024x768.jpeg 1024w, https:\/\/www.thorsten-schneider.com\/blog\/wp-content\/uploads\/2025\/03\/pam_grey_leather-300x225.jpeg 300w, https:\/\/www.thorsten-schneider.com\/blog\/wp-content\/uploads\/2025\/03\/pam_grey_leather-768x576.jpeg 768w, https:\/\/www.thorsten-schneider.com\/blog\/wp-content\/uploads\/2025\/03\/pam_grey_leather-1536x1152.jpeg 1536w, https:\/\/www.thorsten-schneider.com\/blog\/wp-content\/uploads\/2025\/03\/pam_grey_leather.jpeg 1600w\" sizes=\"auto, (max-width: 767px) 89vw, (max-width: 1000px) 54vw, (max-width: 1071px) 543px, 580px\" \/><\/figure>\n\n\n\n<figure class=\"wp-block-table is-style-stripes\"><table><tbody><tr><td>Inspiration<\/td><td>Panerai Radiomir 662<\/td><\/tr><tr><td>Basis<\/td><td>Tandorio 42mm<\/td><\/tr><tr><td>Geh\u00e4use<\/td><td>Tandorio Edelstahl PAM-Stil 42mm <strong>matt gestrahlt<\/strong><\/td><\/tr><tr><td>Geh\u00e4useboden<\/td><td>Edelstahl <strong>matt gestrahlt<\/strong><\/td><\/tr><tr><td><\/td><td><\/td><\/tr><tr><td>Zifferblatt<\/td><td><strong>grau lackiert mit gelben Ziffern (34,8mm)<\/strong><\/td><\/tr><tr><td>Werk<\/td><td>Seiko NH35<\/td><\/tr><tr><td>Datumsscheibe<\/td><td>&#8211;<\/td><\/tr><tr><td>Stundenzeiger<\/td><td><strong>Pencil blau mit gelbem Lume<\/strong><\/td><\/tr><tr><td>Minutenzeiger<\/td><td><strong>Pencil blau mit gelbem Lume<\/strong><\/td><\/tr><tr><td>Sekundenzeiger<\/td><td>&#8211;<\/td><\/tr><tr><td>Krone<\/td><td>Edelstahl <strong>matt gestrahlt<\/strong><\/td><\/tr><tr><td>L\u00fcnette<\/td><td>Edelstahl <strong>matt gestrahlt<\/strong><\/td><\/tr><tr><td>L\u00fcnetteninlay<\/td><td>&#8211;<\/td><\/tr><tr><td><\/td><td><\/td><\/tr><tr><td>Canvas<\/td><td><strong>beige mit beigefarbener Ziernaht und Edelstahl-Dornschlie\u00dfe<\/strong><\/td><\/tr><tr><td>Leder<\/td><td><strong>beige mit beigefarbener Ziernaht und Edelstahl-Dornschlie\u00dfe<\/strong><\/td><\/tr><\/tbody><\/table><figcaption class=\"wp-element-caption\">Alle von mir durchgef\u00fchrten \u00c4nderungen zum Serienmodell und die auf den Fotos abgebildeten B\u00e4nder sind <strong>fett<\/strong> markiert.<\/figcaption><\/figure>\n\n\n\n<p><a href=\"https:\/\/www.thorsten-schneider.com\/blog\/asian-mod-cooperative\/\" data-type=\"page\" data-id=\"2748\">zur\u00fcck zur Auswahl &gt;<\/a><\/p>\n","protected":false},"excerpt":{"rendered":"<p>Inspiration Panerai Radiomir 662 Basis Tandorio 42mm Geh\u00e4use Tandorio Edelstahl PAM-Stil 42mm matt gestrahlt Geh\u00e4useboden Edelstahl matt gestrahlt Zifferblatt grau lackiert mit gelben Ziffern (34,8mm) Werk Seiko NH35 Datumsscheibe &#8211; Stundenzeiger Pencil blau mit gelbem Lume Minutenzeiger Pencil blau mit gelbem Lume Sekundenzeiger &#8211; Krone Edelstahl matt gestrahlt L\u00fcnette Edelstahl matt gestrahlt L\u00fcnetteninlay &#8211; Canvas &hellip; <\/p>\n<p class=\"link-more\"><a href=\"https:\/\/www.thorsten-schneider.com\/blog\/1-pam-black-mod\/\" class=\"more-link\"><span class=\"screen-reader-text\">\u201e1 &#8211; PAM Radio Grey Mod\u201c <\/span>weiterlesen<\/a><\/p>\n","protected":false},"author":1,"featured_media":0,"parent":0,"menu_order":0,"comment_status":"closed","ping_status":"closed","template":"","meta":{"footnotes":""},"class_list":["post-2631","page","type-page","status-publish","hentry"],"_links":{"self":[{"href":"https:\/\/www.thorsten-schneider.com\/blog\/wp-json\/wp\/v2\/pages\/2631","targetHints":{"allow":["GET"]}}],"collection":[{"href":"https:\/\/www.thorsten-schneider.com\/blog\/wp-json\/wp\/v2\/pages"}],"about":[{"href":"https:\/\/www.thorsten-schneider.com\/blog\/wp-json\/wp\/v2\/types\/page"}],"author":[{"embeddable":true,"href":"https:\/\/www.thorsten-schneider.com\/blog\/wp-json\/wp\/v2\/users\/1"}],"replies":[{"embeddable":true,"href":"https:\/\/www.thorsten-schneider.com\/blog\/wp-json\/wp\/v2\/comments?post=2631"}],"version-history":[{"count":16,"href":"https:\/\/www.thorsten-schneider.com\/blog\/wp-json\/wp\/v2\/pages\/2631\/revisions"}],"predecessor-version":[{"id":5011,"href":"https:\/\/www.thorsten-schneider.com\/blog\/wp-json\/wp\/v2\/pages\/2631\/revisions\/5011"}],"wp:attachment":[{"href":"https:\/\/www.thorsten-schneider.com\/blog\/wp-json\/wp\/v2\/media?parent=2631"}],"curies":[{"name":"wp","href":"https:\/\/api.w.org\/{rel}","templated":true}]}}