{"id":2623,"date":"2024-01-25T21:33:12","date_gmt":"2024-01-25T20:33:12","guid":{"rendered":"https:\/\/www.thorsten-schneider.com\/blog\/?page_id=2623"},"modified":"2025-03-13T13:03:09","modified_gmt":"2025-03-13T12:03:09","slug":"1-aqua-terra-grey-mod","status":"publish","type":"page","link":"https:\/\/www.thorsten-schneider.com\/blog\/1-aqua-terra-grey-mod\/","title":{"rendered":"1 &#8211; Aqua Terra Grey Mod"},"content":{"rendered":"\n<figure class=\"wp-block-image size-large\"><img loading=\"lazy\" decoding=\"async\" width=\"1024\" height=\"768\" src=\"https:\/\/www.thorsten-schneider.com\/blog\/wp-content\/uploads\/2024\/01\/aquaterra_grey-1024x768.jpeg\" alt=\"\" class=\"wp-image-2703\" srcset=\"https:\/\/www.thorsten-schneider.com\/blog\/wp-content\/uploads\/2024\/01\/aquaterra_grey-1024x768.jpeg 1024w, https:\/\/www.thorsten-schneider.com\/blog\/wp-content\/uploads\/2024\/01\/aquaterra_grey-300x225.jpeg 300w, https:\/\/www.thorsten-schneider.com\/blog\/wp-content\/uploads\/2024\/01\/aquaterra_grey-768x576.jpeg 768w, https:\/\/www.thorsten-schneider.com\/blog\/wp-content\/uploads\/2024\/01\/aquaterra_grey-1536x1152.jpeg 1536w, https:\/\/www.thorsten-schneider.com\/blog\/wp-content\/uploads\/2024\/01\/aquaterra_grey.jpeg 1600w\" sizes=\"auto, (max-width: 767px) 89vw, (max-width: 1000px) 54vw, (max-width: 1071px) 543px, 580px\" \/><\/figure>\n\n\n\n<figure class=\"wp-block-table is-style-stripes\"><table><tbody><tr><td>Inspiration<\/td><td>Omega Aqua Terra<\/td><\/tr><tr><td>Basis<\/td><td>Tandorio Fieldwatch 39mm<\/td><\/tr><tr><td>Geh\u00e4use<\/td><td>Tandorio Edelstahl 39mm mattiert<\/td><\/tr><tr><td>Geh\u00e4useboden<\/td><td>Edelstahl mattiert<\/td><\/tr><tr><td><\/td><td><\/td><\/tr><tr><td>Zifferblatt<\/td><td><strong>grau-blau mit wei\u00dfen Indizes (33,5mm)<\/strong><\/td><\/tr><tr><td>Werk<\/td><td>Seiko NH35<\/td><\/tr><tr><td>Datumsscheibe<\/td><td>wei\u00df<\/td><\/tr><tr><td>Stundenzeiger<\/td><td><strong><strong><strong>Pencil silber mattiert\/orange mit wei\u00dfem Lume<\/strong><\/strong><\/strong><\/td><\/tr><tr><td>Minutenzeiger<\/td><td><strong><strong><strong>Pencil silber mattiert\/orange mit wei\u00dfem Lume<\/strong><\/strong><\/strong><\/td><\/tr><tr><td>Sekundenzeiger<\/td><td><strong>keilf\u00f6rmig, orange<\/strong><\/td><\/tr><tr><td>Krone<\/td><td>Edelstahl <strong>mattiert<\/strong><\/td><\/tr><tr><td>L\u00fcnette<\/td><td>Edelstahl mattiert<\/td><\/tr><tr><td>L\u00fcnetteninlay<\/td><td>&#8211;<\/td><\/tr><tr><td><\/td><td><\/td><\/tr><tr><td>Wildleder<\/td><td><strong>dunkelblau mit orangefarbener Ziernaht und Edelstahl-Dornschlie\u00dfe<\/strong><\/td><\/tr><\/tbody><\/table><figcaption class=\"wp-element-caption\">Alle von mir durchgef\u00fchrten \u00c4nderungen zum Serienmodell und das auf dem Foto abgebildete Band sind <strong>fett<\/strong> markiert.<\/figcaption><\/figure>\n\n\n\n<p><a href=\"https:\/\/www.thorsten-schneider.com\/blog\/asian-mod-cooperative\/\" data-type=\"page\" data-id=\"2748\">zur\u00fcck zur Auswahl &gt;<\/a><\/p>\n","protected":false},"excerpt":{"rendered":"<p>Inspiration Omega Aqua Terra Basis Tandorio Fieldwatch 39mm Geh\u00e4use Tandorio Edelstahl 39mm mattiert Geh\u00e4useboden Edelstahl mattiert Zifferblatt grau-blau mit wei\u00dfen Indizes (33,5mm) Werk Seiko NH35 Datumsscheibe wei\u00df Stundenzeiger Pencil silber mattiert\/orange mit wei\u00dfem Lume Minutenzeiger Pencil silber mattiert\/orange mit wei\u00dfem Lume Sekundenzeiger keilf\u00f6rmig, orange Krone Edelstahl mattiert L\u00fcnette Edelstahl mattiert L\u00fcnetteninlay &#8211; Wildleder dunkelblau mit &hellip; <\/p>\n<p class=\"link-more\"><a href=\"https:\/\/www.thorsten-schneider.com\/blog\/1-aqua-terra-grey-mod\/\" class=\"more-link\"><span class=\"screen-reader-text\">\u201e1 &#8211; Aqua Terra Grey Mod\u201c <\/span>weiterlesen<\/a><\/p>\n","protected":false},"author":1,"featured_media":0,"parent":0,"menu_order":0,"comment_status":"closed","ping_status":"closed","template":"","meta":{"footnotes":""},"class_list":["post-2623","page","type-page","status-publish","hentry"],"_links":{"self":[{"href":"https:\/\/www.thorsten-schneider.com\/blog\/wp-json\/wp\/v2\/pages\/2623","targetHints":{"allow":["GET"]}}],"collection":[{"href":"https:\/\/www.thorsten-schneider.com\/blog\/wp-json\/wp\/v2\/pages"}],"about":[{"href":"https:\/\/www.thorsten-schneider.com\/blog\/wp-json\/wp\/v2\/types\/page"}],"author":[{"embeddable":true,"href":"https:\/\/www.thorsten-schneider.com\/blog\/wp-json\/wp\/v2\/users\/1"}],"replies":[{"embeddable":true,"href":"https:\/\/www.thorsten-schneider.com\/blog\/wp-json\/wp\/v2\/comments?post=2623"}],"version-history":[{"count":9,"href":"https:\/\/www.thorsten-schneider.com\/blog\/wp-json\/wp\/v2\/pages\/2623\/revisions"}],"predecessor-version":[{"id":4018,"href":"https:\/\/www.thorsten-schneider.com\/blog\/wp-json\/wp\/v2\/pages\/2623\/revisions\/4018"}],"wp:attachment":[{"href":"https:\/\/www.thorsten-schneider.com\/blog\/wp-json\/wp\/v2\/media?parent=2623"}],"curies":[{"name":"wp","href":"https:\/\/api.w.org\/{rel}","templated":true}]}}