{"id":2616,"date":"2024-01-25T19:12:10","date_gmt":"2024-01-25T18:12:10","guid":{"rendered":"https:\/\/www.thorsten-schneider.com\/blog\/?page_id=2616"},"modified":"2025-03-13T12:58:17","modified_gmt":"2025-03-13T11:58:17","slug":"1-baumuster-a-bronze","status":"publish","type":"page","link":"https:\/\/www.thorsten-schneider.com\/blog\/1-baumuster-a-bronze\/","title":{"rendered":"1 &#8211; 556 I RS Titanium Mod"},"content":{"rendered":"\n<figure class=\"wp-block-image size-large\"><img loading=\"lazy\" decoding=\"async\" width=\"1024\" height=\"768\" src=\"https:\/\/www.thorsten-schneider.com\/blog\/wp-content\/uploads\/2025\/02\/556_irs_titan-1024x768.jpeg\" alt=\"\" class=\"wp-image-3939\" srcset=\"https:\/\/www.thorsten-schneider.com\/blog\/wp-content\/uploads\/2025\/02\/556_irs_titan-1024x768.jpeg 1024w, https:\/\/www.thorsten-schneider.com\/blog\/wp-content\/uploads\/2025\/02\/556_irs_titan-300x225.jpeg 300w, https:\/\/www.thorsten-schneider.com\/blog\/wp-content\/uploads\/2025\/02\/556_irs_titan-768x576.jpeg 768w, https:\/\/www.thorsten-schneider.com\/blog\/wp-content\/uploads\/2025\/02\/556_irs_titan-1536x1152.jpeg 1536w, https:\/\/www.thorsten-schneider.com\/blog\/wp-content\/uploads\/2025\/02\/556_irs_titan.jpeg 1600w\" sizes=\"auto, (max-width: 767px) 89vw, (max-width: 1000px) 54vw, (max-width: 1071px) 543px, 580px\" \/><\/figure>\n\n\n\n<figure class=\"wp-block-table is-style-stripes\"><table><tbody><tr><td>Inspiration<\/td><td>Sinn 556 I RS<\/td><\/tr><tr><td>Basis<\/td><td>Tandorio Pilot Titanium 39mm<\/td><\/tr><tr><td>Geh\u00e4use<\/td><td>Tandorio Pilot Titanium 39mm matt gestrahlt<\/td><\/tr><tr><td>Geh\u00e4useboden<\/td><td>Titan matt gestrahlt<\/td><\/tr><tr><td><\/td><td><\/td><\/tr><tr><td>Zifferblatt<\/td><td><strong>AP-Stil schwarz mit wei\u00dfen Indizes (33mm)<\/strong><\/td><\/tr><tr><td>Werk<\/td><td>Seiko NH35<\/td><\/tr><tr><td>Datumsscheibe<\/td><td><strong>schwarz<\/strong><\/td><\/tr><tr><td>Stundenzeiger<\/td><td><strong>Pilot schwarz mit wei\u00dfem Lume<\/strong><\/td><\/tr><tr><td>Minutenzeiger<\/td><td><strong>Pilot schwarz mit wei\u00dfem Lume<\/strong><\/td><\/tr><tr><td>Sekundenzeiger<\/td><td><strong>Pilot schwarz-rot lackiert<\/strong><\/td><\/tr><tr><td>Krone<\/td><td>Titan matt gestrahlt<\/td><\/tr><tr><td>L\u00fcnette<\/td><td>Titan matt gestrahlt<\/td><\/tr><tr><td>L\u00fcnetteninlay<\/td><td>&#8211;<\/td><\/tr><tr><td><\/td><td><\/td><\/tr><tr><td>Leder<\/td><td><strong>schwarz mit roter Ziernaht und Titan-Dornschlie\u00dfe<\/strong><\/td><\/tr><\/tbody><\/table><figcaption class=\"wp-element-caption\">Alle von mir durchgef\u00fchrten \u00c4nderungen zum Serienmodell und das auf dem Foto abgebildete Band sind <strong>fett<\/strong> markiert.<\/figcaption><\/figure>\n\n\n\n<p><a href=\"https:\/\/www.thorsten-schneider.com\/blog\/asian-mod-cooperative\/\" data-type=\"page\" data-id=\"2748\">zur\u00fcck zur Auswahl &gt;<\/a><\/p>\n","protected":false},"excerpt":{"rendered":"<p>Inspiration Sinn 556 I RS Basis Tandorio Pilot Titanium 39mm Geh\u00e4use Tandorio Pilot Titanium 39mm matt gestrahlt Geh\u00e4useboden Titan matt gestrahlt Zifferblatt AP-Stil schwarz mit wei\u00dfen Indizes (33mm) Werk Seiko NH35 Datumsscheibe schwarz Stundenzeiger Pilot schwarz mit wei\u00dfem Lume Minutenzeiger Pilot schwarz mit wei\u00dfem Lume Sekundenzeiger Pilot schwarz-rot lackiert Krone Titan matt gestrahlt L\u00fcnette Titan &hellip; <\/p>\n<p class=\"link-more\"><a href=\"https:\/\/www.thorsten-schneider.com\/blog\/1-baumuster-a-bronze\/\" class=\"more-link\"><span class=\"screen-reader-text\">\u201e1 &#8211; 556 I RS Titanium Mod\u201c <\/span>weiterlesen<\/a><\/p>\n","protected":false},"author":1,"featured_media":0,"parent":0,"menu_order":0,"comment_status":"closed","ping_status":"closed","template":"","meta":{"footnotes":""},"class_list":["post-2616","page","type-page","status-publish","hentry"],"_links":{"self":[{"href":"https:\/\/www.thorsten-schneider.com\/blog\/wp-json\/wp\/v2\/pages\/2616","targetHints":{"allow":["GET"]}}],"collection":[{"href":"https:\/\/www.thorsten-schneider.com\/blog\/wp-json\/wp\/v2\/pages"}],"about":[{"href":"https:\/\/www.thorsten-schneider.com\/blog\/wp-json\/wp\/v2\/types\/page"}],"author":[{"embeddable":true,"href":"https:\/\/www.thorsten-schneider.com\/blog\/wp-json\/wp\/v2\/users\/1"}],"replies":[{"embeddable":true,"href":"https:\/\/www.thorsten-schneider.com\/blog\/wp-json\/wp\/v2\/comments?post=2616"}],"version-history":[{"count":20,"href":"https:\/\/www.thorsten-schneider.com\/blog\/wp-json\/wp\/v2\/pages\/2616\/revisions"}],"predecessor-version":[{"id":4011,"href":"https:\/\/www.thorsten-schneider.com\/blog\/wp-json\/wp\/v2\/pages\/2616\/revisions\/4011"}],"wp:attachment":[{"href":"https:\/\/www.thorsten-schneider.com\/blog\/wp-json\/wp\/v2\/media?parent=2616"}],"curies":[{"name":"wp","href":"https:\/\/api.w.org\/{rel}","templated":true}]}}