{"id":2592,"date":"2024-01-03T13:46:27","date_gmt":"2024-01-03T12:46:27","guid":{"rendered":"https:\/\/www.thorsten-schneider.com\/blog\/?page_id=2592"},"modified":"2024-01-03T14:44:08","modified_gmt":"2024-01-03T13:44:08","slug":"vostok-admiralty","status":"publish","type":"page","link":"https:\/\/www.thorsten-schneider.com\/blog\/vostok-admiralty\/","title":{"rendered":"Vostok Admiralty"},"content":{"rendered":"\n<figure class=\"wp-block-image size-large\"><img loading=\"lazy\" decoding=\"async\" width=\"1024\" height=\"768\" src=\"https:\/\/www.thorsten-schneider.com\/blog\/wp-content\/uploads\/2024\/01\/vostok_admiralty-1024x768.jpeg\" alt=\"\" class=\"wp-image-2595\" srcset=\"https:\/\/www.thorsten-schneider.com\/blog\/wp-content\/uploads\/2024\/01\/vostok_admiralty-1024x768.jpeg 1024w, https:\/\/www.thorsten-schneider.com\/blog\/wp-content\/uploads\/2024\/01\/vostok_admiralty-300x225.jpeg 300w, https:\/\/www.thorsten-schneider.com\/blog\/wp-content\/uploads\/2024\/01\/vostok_admiralty-768x576.jpeg 768w, https:\/\/www.thorsten-schneider.com\/blog\/wp-content\/uploads\/2024\/01\/vostok_admiralty-1536x1152.jpeg 1536w, https:\/\/www.thorsten-schneider.com\/blog\/wp-content\/uploads\/2024\/01\/vostok_admiralty.jpeg 1600w\" sizes=\"auto, (max-width: 767px) 89vw, (max-width: 1000px) 54vw, (max-width: 1071px) 543px, 580px\" \/><\/figure>\n\n\n\n<figure class=\"wp-block-table is-style-stripes\"><table><tbody><tr><td>Inspiration<\/td><td>Omega Admiralty blau<\/td><\/tr><tr><td>Basis<\/td><td>Vostok Amphibia 150366<\/td><\/tr><tr><td>Geh\u00e4use<\/td><td>150 Edelstahl <strong>mattiert<\/strong><\/td><\/tr><tr><td>Geh\u00e4useboden<\/td><td><strong>Albatros Edelstahl<\/strong><\/td><\/tr><tr><td><\/td><td><\/td><\/tr><tr><td>Zifferblatt<\/td><td><strong>Amphibia 059 &#8222;Scuba Dude&#8220; t\u00fcrkis<\/strong><\/td><\/tr><tr><td>Werk<\/td><td>Vostok 2416B Automatik<\/td><\/tr><tr><td>Werkhaltering<\/td><td><strong>Edelstahl<\/strong><\/td><\/tr><tr><td>Armierungsring<\/td><td>Edelstahl poliert<\/td><\/tr><tr><td>Datumsscheibe<\/td><td>wei\u00df<\/td><\/tr><tr><td>Stundenzeiger<\/td><td><strong>Komandirskie schwarz, wei\u00df teillackiert<\/strong><\/td><\/tr><tr><td>Minutenzeiger<\/td><td><strong>Komandirskie schwarz, wei\u00df teillackiert<\/strong><\/td><\/tr><tr><td>Sekundenzeiger<\/td><td><strong>Komandirskie hellblau lackiert<\/strong><\/td><\/tr><tr><td>Krone<\/td><td>Edelstahl mattiert<\/td><\/tr><tr><td>L\u00fcnette<\/td><td><strong>Seiko-kompatiblel Edelstahl<\/strong><\/td><\/tr><tr><td>L\u00fcnetteninlay<\/td><td><strong>Kunststoff gew\u00f6lbt, teal<\/strong><\/td><\/tr><tr><td><\/td><td><\/td><\/tr><tr><td>Leder<\/td><td><strong>Vintage grau mit Edelstahl-Dornschlie\u00dfe<\/strong><\/td><\/tr><tr><td>Stahl<\/td><td>Edelstahl Jubilee massiv mit Geh\u00e4use-Anschl\u00fcssen, mattiert, mit Faltschlie\u00dfe<\/td><\/tr><tr><td>Stahl<\/td><td>Edelstahl Uncle Seiko massiv mattiert mit Faltschlie\u00dfe<\/td><\/tr><tr><td>Single Pass Strap<\/td><td>beige mit wei\u00dfem Streifen und Edelstahl-Dornschlie\u00dfe<\/td><\/tr><\/tbody><\/table><figcaption class=\"wp-element-caption\">Alle von mir durchgef\u00fchrten \u00c4nderungen zum Serienmodell und das auf dem Foto abgebildete Band sind <strong>fett<\/strong> markiert.<\/figcaption><\/figure>\n\n\n\n<p><a href=\"https:\/\/www.thorsten-schneider.com\/blog\/blue-boys\/\" data-type=\"page\" data-id=\"1173\">zur\u00fcck zur Auswahl &gt;<\/a><\/p>\n","protected":false},"excerpt":{"rendered":"<p>Inspiration Omega Admiralty blau Basis Vostok Amphibia 150366 Geh\u00e4use 150 Edelstahl mattiert Geh\u00e4useboden Albatros Edelstahl Zifferblatt Amphibia 059 &#8222;Scuba Dude&#8220; t\u00fcrkis Werk Vostok 2416B Automatik Werkhaltering Edelstahl Armierungsring Edelstahl poliert Datumsscheibe wei\u00df Stundenzeiger Komandirskie schwarz, wei\u00df teillackiert Minutenzeiger Komandirskie schwarz, wei\u00df teillackiert Sekundenzeiger Komandirskie hellblau lackiert Krone Edelstahl mattiert L\u00fcnette Seiko-kompatiblel Edelstahl L\u00fcnetteninlay Kunststoff gew\u00f6lbt, &hellip; <\/p>\n<p class=\"link-more\"><a href=\"https:\/\/www.thorsten-schneider.com\/blog\/vostok-admiralty\/\" class=\"more-link\"><span class=\"screen-reader-text\">\u201eVostok Admiralty\u201c <\/span>weiterlesen<\/a><\/p>\n","protected":false},"author":1,"featured_media":0,"parent":0,"menu_order":0,"comment_status":"closed","ping_status":"closed","template":"","meta":{"footnotes":""},"class_list":["post-2592","page","type-page","status-publish","hentry"],"_links":{"self":[{"href":"https:\/\/www.thorsten-schneider.com\/blog\/wp-json\/wp\/v2\/pages\/2592","targetHints":{"allow":["GET"]}}],"collection":[{"href":"https:\/\/www.thorsten-schneider.com\/blog\/wp-json\/wp\/v2\/pages"}],"about":[{"href":"https:\/\/www.thorsten-schneider.com\/blog\/wp-json\/wp\/v2\/types\/page"}],"author":[{"embeddable":true,"href":"https:\/\/www.thorsten-schneider.com\/blog\/wp-json\/wp\/v2\/users\/1"}],"replies":[{"embeddable":true,"href":"https:\/\/www.thorsten-schneider.com\/blog\/wp-json\/wp\/v2\/comments?post=2592"}],"version-history":[{"count":2,"href":"https:\/\/www.thorsten-schneider.com\/blog\/wp-json\/wp\/v2\/pages\/2592\/revisions"}],"predecessor-version":[{"id":2596,"href":"https:\/\/www.thorsten-schneider.com\/blog\/wp-json\/wp\/v2\/pages\/2592\/revisions\/2596"}],"wp:attachment":[{"href":"https:\/\/www.thorsten-schneider.com\/blog\/wp-json\/wp\/v2\/media?parent=2592"}],"curies":[{"name":"wp","href":"https:\/\/api.w.org\/{rel}","templated":true}]}}