{"id":2536,"date":"2023-10-30T11:47:54","date_gmt":"2023-10-30T10:47:54","guid":{"rendered":"https:\/\/www.thorsten-schneider.com\/blog\/?page_id=2536"},"modified":"2023-11-06T14:49:39","modified_gmt":"2023-11-06T13:49:39","slug":"vintage-691","status":"publish","type":"page","link":"https:\/\/www.thorsten-schneider.com\/blog\/vintage-691\/","title":{"rendered":"Vintage 691"},"content":{"rendered":"\n<figure class=\"wp-block-image size-large\"><img loading=\"lazy\" decoding=\"async\" width=\"1024\" height=\"768\" src=\"https:\/\/www.thorsten-schneider.com\/blog\/wp-content\/uploads\/2023\/10\/vintage_70s-1024x768.jpeg\" alt=\"\" class=\"wp-image-2539\" srcset=\"https:\/\/www.thorsten-schneider.com\/blog\/wp-content\/uploads\/2023\/10\/vintage_70s-1024x768.jpeg 1024w, https:\/\/www.thorsten-schneider.com\/blog\/wp-content\/uploads\/2023\/10\/vintage_70s-300x225.jpeg 300w, https:\/\/www.thorsten-schneider.com\/blog\/wp-content\/uploads\/2023\/10\/vintage_70s-768x576.jpeg 768w, https:\/\/www.thorsten-schneider.com\/blog\/wp-content\/uploads\/2023\/10\/vintage_70s-1536x1152.jpeg 1536w, https:\/\/www.thorsten-schneider.com\/blog\/wp-content\/uploads\/2023\/10\/vintage_70s.jpeg 1600w\" sizes=\"auto, (max-width: 767px) 89vw, (max-width: 1000px) 54vw, (max-width: 1071px) 543px, 580px\" \/><\/figure>\n\n\n\n<figure class=\"wp-block-table is-style-stripes\"><table><tbody><tr><td>Inspiration<\/td><td>&#8211;<\/td><\/tr><tr><td>Basis<\/td><td>Vostok 691XXX<\/td><\/tr><tr><td>Geh\u00e4use<\/td><td>691 Messing verchromt<\/td><\/tr><tr><td>Geh\u00e4useboden<\/td><td>Komandirskie Edelstahl blank<\/td><\/tr><tr><td><\/td><td><\/td><\/tr><tr><td>Zifferblatt<\/td><td><strong>Boctok Vintage schwarz-gold<\/strong><\/td><\/tr><tr><td>Werk<\/td><td>Vostok 2409A Handaufzug<\/td><\/tr><tr><td>Werkhaltering<\/td><td>Edelstahl<\/td><\/tr><tr><td>Armierungsring<\/td><td>&#8211;<\/td><\/tr><tr><td>Datumsscheibe<\/td><td>&#8211;<\/td><\/tr><tr><td>Stundenzeiger<\/td><td><strong>Komandirskie gold<\/strong><\/td><\/tr><tr><td>Minutenzeiger<\/td><td><strong>Komandirskie gold<\/strong><\/td><\/tr><tr><td>Sekundenzeiger<\/td><td>Komandirskie silber <strong>entlackt<\/strong><\/td><\/tr><tr><td>Krone<\/td><td>Messing verchromt<\/td><\/tr><tr><td>L\u00fcnette<\/td><td>&#8211;<\/td><\/tr><tr><td>L\u00fcnetteninlay<\/td><td>&#8211;<\/td><\/tr><tr><td><\/td><td><\/td><\/tr><tr><td>Stahl<\/td><td><strong>Edelstahl Oyster-Stil mattiert mit Faltschlie\u00dfe<\/strong><\/td><\/tr><\/tbody><\/table><figcaption class=\"wp-element-caption\">Alle von mir durchgef\u00fchrten \u00c4nderungen zum Serienmodell und das auf dem Foto abgebildete Band sind <strong>fett<\/strong> markiert.<\/figcaption><\/figure>\n\n\n\n<p><a href=\"https:\/\/www.thorsten-schneider.com\/blog\/united-colors-of-vostok\/\" data-type=\"page\" data-id=\"1182\">zur\u00fcck zur Auswahl &gt;<\/a><\/p>\n","protected":false},"excerpt":{"rendered":"<p>Inspiration &#8211; Basis Vostok 691XXX Geh\u00e4use 691 Messing verchromt Geh\u00e4useboden Komandirskie Edelstahl blank Zifferblatt Boctok Vintage schwarz-gold Werk Vostok 2409A Handaufzug Werkhaltering Edelstahl Armierungsring &#8211; Datumsscheibe &#8211; Stundenzeiger Komandirskie gold Minutenzeiger Komandirskie gold Sekundenzeiger Komandirskie silber entlackt Krone Messing verchromt L\u00fcnette &#8211; L\u00fcnetteninlay &#8211; Stahl Edelstahl Oyster-Stil mattiert mit Faltschlie\u00dfe Alle von mir durchgef\u00fchrten \u00c4nderungen &hellip; <\/p>\n<p class=\"link-more\"><a href=\"https:\/\/www.thorsten-schneider.com\/blog\/vintage-691\/\" class=\"more-link\"><span class=\"screen-reader-text\">\u201eVintage 691\u201c <\/span>weiterlesen<\/a><\/p>\n","protected":false},"author":1,"featured_media":0,"parent":0,"menu_order":0,"comment_status":"closed","ping_status":"closed","template":"","meta":{"footnotes":""},"class_list":["post-2536","page","type-page","status-publish","hentry"],"_links":{"self":[{"href":"https:\/\/www.thorsten-schneider.com\/blog\/wp-json\/wp\/v2\/pages\/2536","targetHints":{"allow":["GET"]}}],"collection":[{"href":"https:\/\/www.thorsten-schneider.com\/blog\/wp-json\/wp\/v2\/pages"}],"about":[{"href":"https:\/\/www.thorsten-schneider.com\/blog\/wp-json\/wp\/v2\/types\/page"}],"author":[{"embeddable":true,"href":"https:\/\/www.thorsten-schneider.com\/blog\/wp-json\/wp\/v2\/users\/1"}],"replies":[{"embeddable":true,"href":"https:\/\/www.thorsten-schneider.com\/blog\/wp-json\/wp\/v2\/comments?post=2536"}],"version-history":[{"count":4,"href":"https:\/\/www.thorsten-schneider.com\/blog\/wp-json\/wp\/v2\/pages\/2536\/revisions"}],"predecessor-version":[{"id":2549,"href":"https:\/\/www.thorsten-schneider.com\/blog\/wp-json\/wp\/v2\/pages\/2536\/revisions\/2549"}],"wp:attachment":[{"href":"https:\/\/www.thorsten-schneider.com\/blog\/wp-json\/wp\/v2\/media?parent=2536"}],"curies":[{"name":"wp","href":"https:\/\/api.w.org\/{rel}","templated":true}]}}