{"id":2236,"date":"2023-03-31T14:33:11","date_gmt":"2023-03-31T12:33:11","guid":{"rendered":"https:\/\/www.thorsten-schneider.com\/blog\/?page_id=2236"},"modified":"2023-03-31T16:13:14","modified_gmt":"2023-03-31T14:13:14","slug":"vostok-siniy-chas","status":"publish","type":"page","link":"https:\/\/www.thorsten-schneider.com\/blog\/vostok-siniy-chas\/","title":{"rendered":"Vostok Siniy Chas"},"content":{"rendered":"\n<figure class=\"wp-block-image size-large\"><img loading=\"lazy\" decoding=\"async\" width=\"1024\" height=\"768\" src=\"https:\/\/www.thorsten-schneider.com\/blog\/wp-content\/uploads\/2023\/03\/siniy_chas-1024x768.jpeg\" alt=\"\" class=\"wp-image-2181\" srcset=\"https:\/\/www.thorsten-schneider.com\/blog\/wp-content\/uploads\/2023\/03\/siniy_chas-1024x768.jpeg 1024w, https:\/\/www.thorsten-schneider.com\/blog\/wp-content\/uploads\/2023\/03\/siniy_chas-300x225.jpeg 300w, https:\/\/www.thorsten-schneider.com\/blog\/wp-content\/uploads\/2023\/03\/siniy_chas-768x576.jpeg 768w, https:\/\/www.thorsten-schneider.com\/blog\/wp-content\/uploads\/2023\/03\/siniy_chas-1536x1152.jpeg 1536w, https:\/\/www.thorsten-schneider.com\/blog\/wp-content\/uploads\/2023\/03\/siniy_chas.jpeg 1600w\" sizes=\"auto, (max-width: 767px) 89vw, (max-width: 1000px) 54vw, (max-width: 1071px) 543px, 580px\" \/><\/figure>\n\n\n\n<figure class=\"wp-block-table is-style-stripes\"><table><tbody><tr><td>Inspiration<\/td><td>Laco Aachen &#8222;Blaue Stunde&#8220; &amp; Junkers J1 Lim. Ed.<\/td><\/tr><tr><td>Basis<\/td><td>Vostok Komandirskie 020741<\/td><\/tr><tr><td>Geh\u00e4use<\/td><td>020 Edelstahl mattiert<\/td><\/tr><tr><td>Geh\u00e4useboden<\/td><td><strong>Boctok &#8222;B&#8220; Edelstahl<\/strong><\/td><\/tr><tr><td><\/td><td><\/td><\/tr><tr><td>Zifferblatt<\/td><td><strong>Amphibia 846 blau<\/strong><\/td><\/tr><tr><td>Werk<\/td><td>Vostok 2416B Automatik<\/td><\/tr><tr><td>Werkhaltering<\/td><td><strong>Edelstahl<\/strong><\/td><\/tr><tr><td>Armierungsring<\/td><td>Edelstahl, <strong>rot lackiert<\/strong><\/td><\/tr><tr><td>Datumsscheibe<\/td><td>wei\u00df mit roter Schrift<\/td><\/tr><tr><td>Stundenzeiger<\/td><td><strong>VW24 Laco wei\u00df<\/strong><\/td><\/tr><tr><td>Minutenzeiger<\/td><td><strong>VW24 Laco wei\u00df<\/strong><\/td><\/tr><tr><td>Sekundenzeiger<\/td><td><strong>Vostok SE rot<\/strong><\/td><\/tr><tr><td>Krone<\/td><td>Edelstahl mattiert<\/td><\/tr><tr><td>L\u00fcnette<\/td><td><strong>Meranom Edelstahl blank mattiert<\/strong><\/td><\/tr><tr><td>L\u00fcnetteninlay<\/td><td>&#8211;<\/td><\/tr><tr><td><\/td><td><\/td><\/tr><tr><td>Paratrooper<\/td><td><strong>grau mit wei\u00dfem Streifen und Edelstahl-Hakenschlie\u00dfe<\/strong><\/td><\/tr><tr><td>Leder<\/td><td>braun vintage mit Edelstahl-Dornschlie\u00dfe<\/td><\/tr><tr><td>Nato<\/td><td>grau mit Edelstahl-Dornschlie\u00dfe<\/td><\/tr><\/tbody><\/table><figcaption class=\"wp-element-caption\">Alle von mir durchgef\u00fchrten \u00c4nderungen zum Serienmodell und das auf dem Foto abgebildete Band sind <strong>fett<\/strong> markiert.<\/figcaption><\/figure>\n\n\n\n<p><a href=\"https:\/\/www.thorsten-schneider.com\/blog\/blue-boys\/\" data-type=\"page\" data-id=\"1173\">zur\u00fcck zur Auswahl ><\/a><\/p>\n","protected":false},"excerpt":{"rendered":"<p>Inspiration Laco Aachen &#8222;Blaue Stunde&#8220; &amp; Junkers J1 Lim. Ed. Basis Vostok Komandirskie 020741 Geh\u00e4use 020 Edelstahl mattiert Geh\u00e4useboden Boctok &#8222;B&#8220; Edelstahl Zifferblatt Amphibia 846 blau Werk Vostok 2416B Automatik Werkhaltering Edelstahl Armierungsring Edelstahl, rot lackiert Datumsscheibe wei\u00df mit roter Schrift Stundenzeiger VW24 Laco wei\u00df Minutenzeiger VW24 Laco wei\u00df Sekundenzeiger Vostok SE rot Krone Edelstahl &hellip; <\/p>\n<p class=\"link-more\"><a href=\"https:\/\/www.thorsten-schneider.com\/blog\/vostok-siniy-chas\/\" class=\"more-link\"><span class=\"screen-reader-text\">\u201eVostok Siniy Chas\u201c <\/span>weiterlesen<\/a><\/p>\n","protected":false},"author":1,"featured_media":0,"parent":0,"menu_order":0,"comment_status":"closed","ping_status":"closed","template":"","meta":{"footnotes":""},"class_list":["post-2236","page","type-page","status-publish","hentry"],"_links":{"self":[{"href":"https:\/\/www.thorsten-schneider.com\/blog\/wp-json\/wp\/v2\/pages\/2236","targetHints":{"allow":["GET"]}}],"collection":[{"href":"https:\/\/www.thorsten-schneider.com\/blog\/wp-json\/wp\/v2\/pages"}],"about":[{"href":"https:\/\/www.thorsten-schneider.com\/blog\/wp-json\/wp\/v2\/types\/page"}],"author":[{"embeddable":true,"href":"https:\/\/www.thorsten-schneider.com\/blog\/wp-json\/wp\/v2\/users\/1"}],"replies":[{"embeddable":true,"href":"https:\/\/www.thorsten-schneider.com\/blog\/wp-json\/wp\/v2\/comments?post=2236"}],"version-history":[{"count":3,"href":"https:\/\/www.thorsten-schneider.com\/blog\/wp-json\/wp\/v2\/pages\/2236\/revisions"}],"predecessor-version":[{"id":2265,"href":"https:\/\/www.thorsten-schneider.com\/blog\/wp-json\/wp\/v2\/pages\/2236\/revisions\/2265"}],"wp:attachment":[{"href":"https:\/\/www.thorsten-schneider.com\/blog\/wp-json\/wp\/v2\/media?parent=2236"}],"curies":[{"name":"wp","href":"https:\/\/api.w.org\/{rel}","templated":true}]}}