{"id":2117,"date":"2022-12-22T14:02:57","date_gmt":"2022-12-22T13:02:57","guid":{"rendered":"https:\/\/www.thorsten-schneider.com\/blog\/?page_id=2117"},"modified":"2023-03-31T16:20:54","modified_gmt":"2023-03-31T14:20:54","slug":"metal-wave","status":"publish","type":"page","link":"https:\/\/www.thorsten-schneider.com\/blog\/metal-wave\/","title":{"rendered":"Metal Wave"},"content":{"rendered":"\n<figure class=\"wp-block-image size-large\"><img loading=\"lazy\" decoding=\"async\" width=\"1024\" height=\"768\" src=\"https:\/\/www.thorsten-schneider.com\/blog\/wp-content\/uploads\/2022\/12\/metalwave_1-1024x768.jpeg\" alt=\"\" class=\"wp-image-2114\" srcset=\"https:\/\/www.thorsten-schneider.com\/blog\/wp-content\/uploads\/2022\/12\/metalwave_1-1024x768.jpeg 1024w, https:\/\/www.thorsten-schneider.com\/blog\/wp-content\/uploads\/2022\/12\/metalwave_1-300x225.jpeg 300w, https:\/\/www.thorsten-schneider.com\/blog\/wp-content\/uploads\/2022\/12\/metalwave_1-768x576.jpeg 768w, https:\/\/www.thorsten-schneider.com\/blog\/wp-content\/uploads\/2022\/12\/metalwave_1-1536x1152.jpeg 1536w, https:\/\/www.thorsten-schneider.com\/blog\/wp-content\/uploads\/2022\/12\/metalwave_1.jpeg 1600w\" sizes=\"auto, (max-width: 767px) 89vw, (max-width: 1000px) 54vw, (max-width: 1071px) 543px, 580px\" \/><\/figure>\n\n\n\n<figure class=\"wp-block-table is-style-stripes\"><table><tbody><tr><td>Inspiration<\/td><td>&#8211;<\/td><\/tr><tr><td>Basis<\/td><td>Vostok Amphibia 090XXX<\/td><\/tr><tr><td>Geh\u00e4use<\/td><td>090 Edelstahl matt gestrahlt<\/td><\/tr><tr><td>Geh\u00e4useboden<\/td><td><strong>Meranom Glasboden gro\u00df<\/strong><\/td><\/tr><tr><td>&nbsp;<\/td><td>&nbsp;<\/td><\/tr><tr><td>Zifferblatt<\/td><td><strong>Vostokmod Metal<\/strong><\/td><\/tr><tr><td>Werk<\/td><td>Vostok 2415B Automatik<\/td><\/tr><tr><td>Werkhaltering<\/td><td><strong>Edelstahl<\/strong><\/td><\/tr><tr><td>Armierungsring<\/td><td>Edelstahl hellblau lackiert<\/td><\/tr><tr><td>Datumsscheibe<\/td><td>&#8211;<\/td><\/tr><tr><td>Stundenzeiger<\/td><td><strong>OSC Appleseed hellblau, f\u00fcr Vostok angepasst<\/strong><\/td><\/tr><tr><td>Minutenzeiger<\/td><td><strong>OSC Appleseed hellblau, f\u00fcr Vostok angepasst<\/strong><\/td><\/tr><tr><td>Sekundenzeiger<\/td><td><strong>VW24 orange<\/strong><\/td><\/tr><tr><td>Krone<\/td><td><strong>Vostok Edelstahl mattiert<\/strong><\/td><\/tr><tr><td>L\u00fcnette<\/td><td><strong>OSC Atlas Edelstahl<\/strong><\/td><\/tr><tr><td>L\u00fcnetteninlay<\/td><td><strong>Aluminium blank mattiert<\/strong><\/td><\/tr><tr><td>&nbsp;<\/td><td>&nbsp;<\/td><\/tr><tr><td>Single Pass Strap<\/td><td><strong>grau mit orangefarbenem Streifen und Edelstahl-Dornschlie\u00dfe<\/strong><\/td><\/tr><\/tbody><\/table><figcaption class=\"wp-element-caption\">Alle von mir durchgef\u00fchrten \u00c4nderungen zum Serienmodell und das auf dem Foto abgebildete Band sind <strong>fett<\/strong> markiert.<\/figcaption><\/figure>\n\n\n\n<p><a href=\"https:\/\/www.thorsten-schneider.com\/blog\/united-colors-of-vostok\/\" data-type=\"page\" data-id=\"1182\">zur\u00fcck zur Auswahl ><\/a><\/p>\n","protected":false},"excerpt":{"rendered":"<p>Inspiration &#8211; Basis Vostok Amphibia 090XXX Geh\u00e4use 090 Edelstahl matt gestrahlt Geh\u00e4useboden Meranom Glasboden gro\u00df &nbsp; &nbsp; Zifferblatt Vostokmod Metal Werk Vostok 2415B Automatik Werkhaltering Edelstahl Armierungsring Edelstahl hellblau lackiert Datumsscheibe &#8211; Stundenzeiger OSC Appleseed hellblau, f\u00fcr Vostok angepasst Minutenzeiger OSC Appleseed hellblau, f\u00fcr Vostok angepasst Sekundenzeiger VW24 orange Krone Vostok Edelstahl mattiert L\u00fcnette OSC &hellip; <\/p>\n<p class=\"link-more\"><a href=\"https:\/\/www.thorsten-schneider.com\/blog\/metal-wave\/\" class=\"more-link\"><span class=\"screen-reader-text\">\u201eMetal Wave\u201c <\/span>weiterlesen<\/a><\/p>\n","protected":false},"author":1,"featured_media":0,"parent":0,"menu_order":0,"comment_status":"closed","ping_status":"closed","template":"","meta":{"footnotes":""},"class_list":["post-2117","page","type-page","status-publish","hentry"],"_links":{"self":[{"href":"https:\/\/www.thorsten-schneider.com\/blog\/wp-json\/wp\/v2\/pages\/2117","targetHints":{"allow":["GET"]}}],"collection":[{"href":"https:\/\/www.thorsten-schneider.com\/blog\/wp-json\/wp\/v2\/pages"}],"about":[{"href":"https:\/\/www.thorsten-schneider.com\/blog\/wp-json\/wp\/v2\/types\/page"}],"author":[{"embeddable":true,"href":"https:\/\/www.thorsten-schneider.com\/blog\/wp-json\/wp\/v2\/users\/1"}],"replies":[{"embeddable":true,"href":"https:\/\/www.thorsten-schneider.com\/blog\/wp-json\/wp\/v2\/comments?post=2117"}],"version-history":[{"count":3,"href":"https:\/\/www.thorsten-schneider.com\/blog\/wp-json\/wp\/v2\/pages\/2117\/revisions"}],"predecessor-version":[{"id":2270,"href":"https:\/\/www.thorsten-schneider.com\/blog\/wp-json\/wp\/v2\/pages\/2117\/revisions\/2270"}],"wp:attachment":[{"href":"https:\/\/www.thorsten-schneider.com\/blog\/wp-json\/wp\/v2\/media?parent=2117"}],"curies":[{"name":"wp","href":"https:\/\/api.w.org\/{rel}","templated":true}]}}