{"id":2089,"date":"2022-12-22T12:54:31","date_gmt":"2022-12-22T11:54:31","guid":{"rendered":"https:\/\/www.thorsten-schneider.com\/blog\/?page_id=2089"},"modified":"2024-03-08T11:31:30","modified_gmt":"2024-03-08T10:31:30","slug":"red12","status":"publish","type":"page","link":"https:\/\/www.thorsten-schneider.com\/blog\/red12\/","title":{"rendered":"RED12"},"content":{"rendered":"\n<figure class=\"wp-block-image size-large\"><img loading=\"lazy\" decoding=\"async\" width=\"1024\" height=\"768\" src=\"https:\/\/www.thorsten-schneider.com\/blog\/wp-content\/uploads\/2022\/12\/RED12_1-1024x768.jpeg\" alt=\"\" class=\"wp-image-1959\" srcset=\"https:\/\/www.thorsten-schneider.com\/blog\/wp-content\/uploads\/2022\/12\/RED12_1-1024x768.jpeg 1024w, https:\/\/www.thorsten-schneider.com\/blog\/wp-content\/uploads\/2022\/12\/RED12_1-300x225.jpeg 300w, https:\/\/www.thorsten-schneider.com\/blog\/wp-content\/uploads\/2022\/12\/RED12_1-768x576.jpeg 768w, https:\/\/www.thorsten-schneider.com\/blog\/wp-content\/uploads\/2022\/12\/RED12_1-1536x1152.jpeg 1536w, https:\/\/www.thorsten-schneider.com\/blog\/wp-content\/uploads\/2022\/12\/RED12_1.jpeg 1600w\" sizes=\"auto, (max-width: 767px) 89vw, (max-width: 1000px) 54vw, (max-width: 1071px) 543px, 580px\" \/><\/figure>\n\n\n\n<figure class=\"wp-block-table is-style-stripes\"><table><tbody><tr><td>Inspiration<\/td><td>&#8211;<\/td><\/tr><tr><td>Basis<\/td><td>Vostok Amphibia 740016<\/td><\/tr><tr><td>Geh\u00e4use<\/td><td><strong>710 Edelstahl mattiert<\/strong><\/td><\/tr><tr><td>Geh\u00e4useboden<\/td><td><strong>Meranom Glasboden mit gro\u00dfem Sichtfenster<\/strong><\/td><\/tr><tr><td><\/td><td><\/td><\/tr><tr><td>Zifferblatt<\/td><td>Amphibia 016 rot<\/td><\/tr><tr><td>Werk<\/td><td>Vostok 2416B Automatik<\/td><\/tr><tr><td>Werkhaltering<\/td><td><strong>Edelstahl<\/strong><\/td><\/tr><tr><td>Armierungsring<\/td><td>Edelstahl poliert<\/td><\/tr><tr><td>Datumsscheibe<\/td><td>wei\u00df<\/td><\/tr><tr><td>Stundenzeiger<\/td><td>Amphibia SE Pfeilzeiger silber<\/td><\/tr><tr><td>Minutenzeiger<\/td><td>Amphibia SE silber<\/td><\/tr><tr><td>Sekundenzeiger<\/td><td>Amphibia SE silber<\/td><\/tr><tr><td>Krone<\/td><td><strong>Edelstahl poliert mit Boctok-&#8222;B&#8220;<\/strong><\/td><\/tr><tr><td>L\u00fcnette<\/td><td><strong>Meranom Edelstahl mattiert mit Indizes<\/strong><\/td><\/tr><tr><td>L\u00fcnetteninlay<\/td><td>&#8211;<\/td><\/tr><tr><td><\/td><td><\/td><\/tr><tr><td>Canvas<\/td><td><strong>beige-grau-rot mit Edelstahl-Dornschlie\u00dfe<\/strong><\/td><\/tr><tr><td>Canvas<\/td><td>beige mit Edelstahl-Dornschlie\u00dfe<\/td><\/tr><tr><td>Stahl<\/td><td>Edelstahl IWC-Stil massiv, mattiert mit Faltschlie\u00dfe<\/td><\/tr><\/tbody><\/table><figcaption class=\"wp-element-caption\">Alle von mir durchgef\u00fchrten \u00c4nderungen zum Serienmodell und das auf dem Foto abgebildete Band sind <strong>fett<\/strong> markiert.<\/figcaption><\/figure>\n\n\n\n<p><a href=\"https:\/\/www.thorsten-schneider.com\/blog\/united-colors-of-vostok\/\" data-type=\"page\" data-id=\"1182\">zur\u00fcck zur Auswahl &gt;<\/a><\/p>\n","protected":false},"excerpt":{"rendered":"<p>Inspiration &#8211; Basis Vostok Amphibia 740016 Geh\u00e4use 710 Edelstahl mattiert Geh\u00e4useboden Meranom Glasboden mit gro\u00dfem Sichtfenster Zifferblatt Amphibia 016 rot Werk Vostok 2416B Automatik Werkhaltering Edelstahl Armierungsring Edelstahl poliert Datumsscheibe wei\u00df Stundenzeiger Amphibia SE Pfeilzeiger silber Minutenzeiger Amphibia SE silber Sekundenzeiger Amphibia SE silber Krone Edelstahl poliert mit Boctok-&#8222;B&#8220; L\u00fcnette Meranom Edelstahl mattiert mit Indizes &hellip; <\/p>\n<p class=\"link-more\"><a href=\"https:\/\/www.thorsten-schneider.com\/blog\/red12\/\" class=\"more-link\"><span class=\"screen-reader-text\">\u201eRED12\u201c <\/span>weiterlesen<\/a><\/p>\n","protected":false},"author":1,"featured_media":0,"parent":0,"menu_order":0,"comment_status":"closed","ping_status":"closed","template":"","meta":{"footnotes":""},"class_list":["post-2089","page","type-page","status-publish","hentry"],"_links":{"self":[{"href":"https:\/\/www.thorsten-schneider.com\/blog\/wp-json\/wp\/v2\/pages\/2089","targetHints":{"allow":["GET"]}}],"collection":[{"href":"https:\/\/www.thorsten-schneider.com\/blog\/wp-json\/wp\/v2\/pages"}],"about":[{"href":"https:\/\/www.thorsten-schneider.com\/blog\/wp-json\/wp\/v2\/types\/page"}],"author":[{"embeddable":true,"href":"https:\/\/www.thorsten-schneider.com\/blog\/wp-json\/wp\/v2\/users\/1"}],"replies":[{"embeddable":true,"href":"https:\/\/www.thorsten-schneider.com\/blog\/wp-json\/wp\/v2\/comments?post=2089"}],"version-history":[{"count":4,"href":"https:\/\/www.thorsten-schneider.com\/blog\/wp-json\/wp\/v2\/pages\/2089\/revisions"}],"predecessor-version":[{"id":2969,"href":"https:\/\/www.thorsten-schneider.com\/blog\/wp-json\/wp\/v2\/pages\/2089\/revisions\/2969"}],"wp:attachment":[{"href":"https:\/\/www.thorsten-schneider.com\/blog\/wp-json\/wp\/v2\/media?parent=2089"}],"curies":[{"name":"wp","href":"https:\/\/api.w.org\/{rel}","templated":true}]}}