{"id":16,"date":"2019-08-12T17:22:39","date_gmt":"2019-08-12T15:22:39","guid":{"rendered":"http:\/\/www.thorsten-schneider.com\/blog\/?page_id=16"},"modified":"2026-04-26T14:44:19","modified_gmt":"2026-04-26T12:44:19","slug":"einklang","status":"publish","type":"page","link":"https:\/\/www.thorsten-schneider.com\/blog\/einklang\/","title":{"rendered":"Einklang"},"content":{"rendered":"\n<p>Anspruchsvolle Musik und guter Klang geh\u00f6ren untrennbar zusammen. Meine Begeisterung f\u00fcr alle Spielarten des Progressive Rock <em>und<\/em> f\u00fcr hochwertige Hifi-Komponenten ist daher die logische Konsequenz. Wenn dann noch ein gro\u00dfformatiges Bewegtbild dazu kommt, wird es perfekt.<\/p>\n\n\n\n<p>(F\u00fcr mich) interessante und einigerma\u00dfen erreichbare Konzerte finden sich daher hier ebenso wie &#8211; zuk\u00fcnftig &#8211; Rezensionen verschiedenster Alben (z.T. auch aus anderen Genres) sowie Links zu Hifi- und Heimkino-Themen.<\/p>\n\n\n\n<p>Von den 70er-Ikonen Genesis bis zu den Progmetal-Genies Haken ist die Vielzahl gro\u00dfartiger Bands und fantastischer Songs nur schwer bezifferbar &#8211; und nichts \u00fcbertrifft das Live-Erlebnis:<\/p>\n\n\n\n<h2 class=\"wp-block-heading has-text-align-center\"><strong>Konzerte 2026<\/strong><\/h2>\n\n\n\n<figure class=\"wp-block-table is-style-stripes\"><table><tbody><tr><td><strong>Mai<\/strong><\/td><td class=\"has-text-align-left\" data-align=\"left\"><\/td><td><\/td><td><\/td><td><\/td><td><\/td><\/tr><tr><td>Fr<\/td><td class=\"has-text-align-left\" data-align=\"left\">01.05.<\/td><td>Subway To Sally Akustik<\/td><td>Bochum<\/td><td><\/td><td>Christuskirche<\/td><\/tr><tr><td>Sa<\/td><td class=\"has-text-align-left\" data-align=\"left\">02.05.<\/td><td>GOLEM<\/td><td>Berlin<\/td><td><\/td><td>Loci Loft<\/td><\/tr><tr><td>Fr<\/td><td class=\"has-text-align-left\" data-align=\"left\">08.05.<\/td><td>Machine Head<\/td><td>K\u00f6ln<\/td><td><\/td><td>Palladium<\/td><\/tr><tr><td>Fr<\/td><td class=\"has-text-align-left\" data-align=\"left\">15.05.<\/td><td>Dio Alive<\/td><td>M\u00fcnster<\/td><td><\/td><td>Rare Guitar<\/td><\/tr><tr><td>Sa<\/td><td class=\"has-text-align-left\" data-align=\"left\">23.05.<\/td><td>Ray Wilson<\/td><td>Bad Lippspringe<\/td><td><\/td><td>Parkfestival<\/td><\/tr><tr><td>Fr<\/td><td class=\"has-text-align-left\" data-align=\"left\">29.05.<\/td><td>New Model Army<\/td><td>Oelde<\/td><td><\/td><td>Waldb\u00fchne<\/td><\/tr><tr><td>Fr<\/td><td class=\"has-text-align-left\" data-align=\"left\">29.05.<\/td><td>Strange Engine<\/td><td>K\u00f6ln<\/td><td><\/td><td>Kantine (Yard Club)<\/td><\/tr><tr><td>Sa<\/td><td class=\"has-text-align-left\" data-align=\"left\">30.05.<\/td><td>Christian Steiffen<\/td><td>M\u00fcnster<\/td><td><\/td><td>Halle M\u00fcnsterland<\/td><\/tr><tr><td>Sa<\/td><td class=\"has-text-align-left\" data-align=\"left\">30.05.<\/td><td>New Model Army<\/td><td>Ritterhude<\/td><td><\/td><td>Torfnacht<\/td><\/tr><tr><td>So<\/td><td class=\"has-text-align-left\" data-align=\"left\">31.05.<\/td><td>New Model Army<\/td><td>Gifhorn<\/td><td><\/td><td>Schlosshof<\/td><\/tr><tr><td><\/td><td class=\"has-text-align-left\" data-align=\"left\"><\/td><td><\/td><td><\/td><td><\/td><td><\/td><\/tr><tr><td><strong>Juni<\/strong><\/td><td class=\"has-text-align-left\" data-align=\"left\"><\/td><td><\/td><td><\/td><td><\/td><td><\/td><\/tr><tr><td>Di<\/td><td class=\"has-text-align-left\" data-align=\"left\">02.06.<\/td><td>Iron Maiden<\/td><td>Hannover<\/td><td><\/td><td>Heinz-von-Heiden-Arena<\/td><\/tr><tr><td>Fr<\/td><td class=\"has-text-align-left\" data-align=\"left\">12.06.<\/td><td>Queensryche \/ Rivers Of Nihil<\/td><td>K\u00f6ln<\/td><td><\/td><td>Essigfabrik<\/td><\/tr><tr><td>Fr<\/td><td class=\"has-text-align-left\" data-align=\"left\">12.06.<\/td><td>StillMarillion<\/td><td>Siegburg<\/td><td><\/td><td>Kubana<\/td><\/tr><tr><td>Sa<\/td><td class=\"has-text-align-left\" data-align=\"left\">13.06.<\/td><td>Wucan<\/td><td>L\u00fcnen<\/td><td><\/td><td>L\u00fckaz<\/td><\/tr><tr><td>Fr<\/td><td class=\"has-text-align-left\" data-align=\"left\">19.06.<\/td><td>Midsummer Prog Pre-Show (Regr. Hypnosis etc.)<\/td><td>Maastricht\/NL<\/td><td><\/td><td>Muziekgieterij<\/td><\/tr><tr><td>Fr<\/td><td class=\"has-text-align-left\" data-align=\"left\">19.06.<\/td><td>Neal Morse<\/td><td>K\u00f6ln<\/td><td><\/td><td>Kulturkirche<\/td><\/tr><tr><td>Sa<\/td><td class=\"has-text-align-left\" data-align=\"left\">20.06.<\/td><td>Neal Morse<\/td><td>Bochum<\/td><td><\/td><td>Christuskirche<\/td><\/tr><tr><td>Sa-So<\/td><td class=\"has-text-align-left\" data-align=\"left\">20.-21.06.<\/td><td>Midsummer Prog (TesseracT, Geoff Tate etc.)<\/td><td>Maastricht\/NL<\/td><td><\/td><td>Muziekgieterij<\/td><\/tr><tr><td>So<\/td><td class=\"has-text-align-left\" data-align=\"left\">28.<\/td><td>Mr. Punch<\/td><td>Hellendoorn\/NL<\/td><td><\/td><td>De Lantaarn<\/td><\/tr><tr><td><\/td><td class=\"has-text-align-left\" data-align=\"left\"><\/td><td><\/td><td><\/td><td><\/td><td><\/td><\/tr><tr><td><strong>Juli<\/strong><\/td><td class=\"has-text-align-left\" data-align=\"left\"><\/td><td><\/td><td><\/td><td><\/td><td><\/td><\/tr><tr><td>Mi<\/td><td class=\"has-text-align-left\" data-align=\"left\">01.07.<\/td><td>Queensryche \/ Rivers Of Nihil<\/td><td>Hannover<\/td><td><\/td><td>Pavillon<\/td><\/tr><tr><td>Fr<\/td><td class=\"has-text-align-left\" data-align=\"left\">03.07.<\/td><td>Die Toten Hosen<\/td><td>D\u00fcsseldorf<\/td><td><\/td><td>Merkur-Spiel-Arena<\/td><\/tr><tr><td>Sa<\/td><td class=\"has-text-align-left\" data-align=\"left\">04.07.<\/td><td>Die Toten Hosen<\/td><td>D\u00fcsseldorf<\/td><td><\/td><td>Merkur-Spiel-Arena<\/td><\/tr><tr><td>So<\/td><td class=\"has-text-align-left\" data-align=\"left\">05.07.<\/td><td>Marillion<\/td><td>Bonn<\/td><td><\/td><td>Kunstrasen Open Air<\/td><\/tr><tr><td>Sa<\/td><td class=\"has-text-align-left\" data-align=\"left\">11.07.<\/td><td>Broilers Ultrabowl<\/td><td>D\u00fcsseldorf<\/td><td><\/td><td>Merkur-Spiel-Arena<\/td><\/tr><tr><td>Sa<\/td><td class=\"has-text-align-left\" data-align=\"left\">11.07.<\/td><td>Marillion<\/td><td>Hannover<\/td><td><\/td><td>Gilde Parkb\u00fchne<\/td><\/tr><tr><td>Fr<\/td><td class=\"has-text-align-left\" data-align=\"left\">31.07.<\/td><td>Mr. Irish Bastard<\/td><td>Paderborn<\/td><td><\/td><td>Libori<\/td><\/tr><tr><td><\/td><td class=\"has-text-align-left\" data-align=\"left\"><\/td><td><\/td><td><\/td><td><\/td><td><\/td><\/tr><tr><td><strong>August<\/strong><\/td><td class=\"has-text-align-left\" data-align=\"left\"><\/td><td><\/td><td><\/td><td><\/td><td><\/td><\/tr><tr><td>Fr<\/td><td class=\"has-text-align-left\" data-align=\"left\">07.08.<\/td><td>Opeth<\/td><td>Gelsenkirchen<\/td><td><\/td><td>Amphitheater<\/td><\/tr><tr><td>Mi-So<\/td><td class=\"has-text-align-left\" data-align=\"left\">12.-16.08.<\/td><td>Woodstock Forever Festival<\/td><td>Eisfeld<\/td><td><\/td><td>Festivalgel\u00e4nde<\/td><\/tr><tr><td>Do<\/td><td class=\"has-text-align-left\" data-align=\"left\">13.08.<\/td><td>Savatage &amp; Nevermore<\/td><td>Bonn<\/td><td><\/td><td>Kunstrasen Open Air<\/td><\/tr><tr><td>Do-Sa<\/td><td class=\"has-text-align-left\" data-align=\"left\">13.-15.08.<\/td><td>Reload Festival<\/td><td>Sulingen<\/td><td><\/td><td>Festivalgel\u00e4nde<\/td><\/tr><tr><td>Fr-So<\/td><td class=\"has-text-align-left\" data-align=\"left\">14.-16.08.<\/td><td>Dynamo Metal Fest<\/td><td>Eindhoven\/NL<\/td><td><\/td><td>Eissportzentrum<\/td><\/tr><tr><td>Fr<\/td><td class=\"has-text-align-left\" data-align=\"left\">14.08.<\/td><td>Die Toten Hosen<\/td><td>Bremen<\/td><td><\/td><td>B\u00fcrgerweide<\/td><\/tr><tr><td>Sa<\/td><td class=\"has-text-align-left\" data-align=\"left\">15.08.<\/td><td>Die Toten Hosen<\/td><td>Hannover<\/td><td><\/td><td>Messe<\/td><\/tr><tr><td>Sa<\/td><td class=\"has-text-align-left\" data-align=\"left\">22.08.<\/td><td>New Model Army<\/td><td>Gro\u00df-Gerau<\/td><td><\/td><td>Schlo\u00df Dornberg<\/td><\/tr><tr><td>Sa<\/td><td class=\"has-text-align-left\" data-align=\"left\">22.08.<\/td><td>Broilers<\/td><td>Bremen<\/td><td><\/td><td>B\u00fcrgerweide<\/td><\/tr><tr><td>Fr<\/td><td class=\"has-text-align-left\" data-align=\"left\">28.08.<\/td><td>Christian Steiffen<\/td><td>Bochum<\/td><td><\/td><td>Zeltfestival Ruhr<\/td><\/tr><tr><td>Sa<\/td><td class=\"has-text-align-left\" data-align=\"left\">29.08.<\/td><td>IQ<\/td><td>Oberhausen<\/td><td><\/td><td>Zentrum Altenberg<\/td><\/tr><tr><td>So<\/td><td class=\"has-text-align-left\" data-align=\"left\">30.08.<\/td><td>IQ<\/td><td>Oberhausen<\/td><td><\/td><td>Zentrum Altenberg<\/td><\/tr><tr><td><\/td><td class=\"has-text-align-left\" data-align=\"left\"><\/td><td><\/td><td><\/td><td><\/td><td><\/td><\/tr><tr><td><strong>September<\/strong><\/td><td class=\"has-text-align-left\" data-align=\"left\"><\/td><td><\/td><td><\/td><td><\/td><td><\/td><\/tr><tr><td>Fr-So<\/td><td class=\"has-text-align-left\" data-align=\"left\">04.-06.09.<\/td><td>2 Days Prog +1<\/td><td>Revislate\/I<\/td><td><\/td><td>Festivalgel\u00e4nde<\/td><\/tr><tr><td>Fr<\/td><td class=\"has-text-align-left\" data-align=\"left\">04.09.<\/td><td>Broilers<\/td><td>M\u00fcnster<\/td><td><\/td><td>Halle M\u00fcnsterland Open Air<\/td><\/tr><tr><td>Sa<\/td><td class=\"has-text-align-left\" data-align=\"left\">05.09.<\/td><td>Die Toten Hosen<\/td><td>Minden<\/td><td><\/td><td>Kanzlers Weide<\/td><\/tr><tr><td>Sa<\/td><td class=\"has-text-align-left\" data-align=\"left\">05.09.<\/td><td>Mercy Street &amp; Reggatta De Blanc<\/td><td>Bochum<\/td><td><\/td><td>Zeltfestival Ruhr<\/td><\/tr><tr><td>Fr<\/td><td class=\"has-text-align-left\" data-align=\"left\">18.09.<\/td><td>Mercy Street<\/td><td>Unna<\/td><td><\/td><td>Lindenbrauerei<\/td><\/tr><tr><td>Sa<\/td><td class=\"has-text-align-left\" data-align=\"left\">19.09.<\/td><td>Mr. Punch<\/td><td>B\u00fcnde<\/td><td><\/td><td>Universum<\/td><\/tr><tr><td>So<\/td><td class=\"has-text-align-left\" data-align=\"left\">20.09.<\/td><td>Mr. Punch<\/td><td>Bremen<\/td><td><\/td><td>Meisenfrei<\/td><\/tr><tr><td>Fr<\/td><td class=\"has-text-align-left\" data-align=\"left\">25.09.<\/td><td>Dire Strats<\/td><td>Unna<\/td><td><\/td><td>Lindenbrauerei<\/td><\/tr><tr><td>Fr-So<\/td><td class=\"has-text-align-left\" data-align=\"left\">25.-27.09.<\/td><td>Euroblast (Haken etc.)<\/td><td>K\u00f6ln<\/td><td><\/td><td>Essigfabrik<\/td><\/tr><tr><td><\/td><td class=\"has-text-align-left\" data-align=\"left\"><\/td><td><\/td><td><\/td><td><\/td><td><\/td><\/tr><tr><td><strong>Oktober<\/strong><\/td><td class=\"has-text-align-left\" data-align=\"left\"><\/td><td><\/td><td><\/td><td><\/td><td><\/td><\/tr><tr><td>Sa<\/td><td class=\"has-text-align-left\" data-align=\"left\">03.10.<\/td><td>Dio Alive<\/td><td>Dortmund<\/td><td><\/td><td>Piano<\/td><\/tr><tr><td>Sa<\/td><td class=\"has-text-align-left\" data-align=\"left\">10.10.<\/td><td>Licia Missori<\/td><td>Alkmaar\/NL<\/td><td><\/td><td>Kirche<\/td><\/tr><tr><td>So<\/td><td class=\"has-text-align-left\" data-align=\"left\">11.10.<\/td><td>Orion Band &amp; Orchestra<\/td><td>Herford<\/td><td><\/td><td>Kulturwerk<\/td><\/tr><tr><td>Fr<\/td><td class=\"has-text-align-left\" data-align=\"left\">16.10.<\/td><td>Levellers<\/td><td>K\u00f6ln<\/td><td><\/td><td>Live Music Hall<\/td><\/tr><tr><td>Sa<\/td><td class=\"has-text-align-left\" data-align=\"left\">17.10.<\/td><td>Mr. Punch &amp; Strange Engine<\/td><td>Siegburg<\/td><td><\/td><td>Kubana<\/td><\/tr><tr><td>Sa<\/td><td class=\"has-text-align-left\" data-align=\"left\">17.10.<\/td><td>Sylvan &amp; Blind Ego<\/td><td>Oberhausen<\/td><td><\/td><td>Zentrum Altenberg<\/td><\/tr><tr><td>Sa<\/td><td class=\"has-text-align-left\" data-align=\"left\">17.10.<\/td><td>Mr. Irish Bastard<\/td><td>K\u00f6ln<\/td><td><\/td><td>Helios 37<\/td><\/tr><tr><td>So<\/td><td class=\"has-text-align-left\" data-align=\"left\">18.10.<\/td><td>Mr. Punch<\/td><td>Ommen\/NL<\/td><td><\/td><td>Caf\u00e9 de Herberg<\/td><\/tr><tr><td>Fr<\/td><td class=\"has-text-align-left\" data-align=\"left\">23.10.<\/td><td>The Watch<\/td><td>Unna<\/td><td><\/td><td>Lindenbrauerei<\/td><\/tr><tr><td>Sa<\/td><td class=\"has-text-align-left\" data-align=\"left\">24.10.<\/td><td>Mr. Punch<\/td><td>Unna<\/td><td><\/td><td>Lindenbrauerei<\/td><\/tr><tr><td><\/td><td class=\"has-text-align-left\" data-align=\"left\"><\/td><td><\/td><td><\/td><td><\/td><td><\/td><\/tr><tr><td><strong>November<\/strong><\/td><td class=\"has-text-align-left\" data-align=\"left\"><\/td><td><\/td><td><\/td><td><\/td><td><\/td><\/tr><tr><td>Di<\/td><td class=\"has-text-align-left\" data-align=\"left\">03.11.<\/td><td>The Watch<\/td><td>B\u00fcnde<\/td><td><\/td><td>Universum<\/td><\/tr><tr><td>Mi<\/td><td class=\"has-text-align-left\" data-align=\"left\">04.11.<\/td><td>The Watch<\/td><td>B\u00fcnde<\/td><td><\/td><td>Universum<\/td><\/tr><tr><td>Fr<\/td><td class=\"has-text-align-left\" data-align=\"left\">06.11.<\/td><td>Mr. Irish Bastard<\/td><td>Hannover<\/td><td><\/td><td>Musikzentrum<\/td><\/tr><tr><td>Fr<\/td><td class=\"has-text-align-left\" data-align=\"left\">06.11.<\/td><td>Rock\/Paper\/Scissors &amp; My&#8217;tallica<\/td><td>Rietberg<\/td><td><\/td><td>Cultura<\/td><\/tr><tr><td>Sa<\/td><td class=\"has-text-align-left\" data-align=\"left\">07.11.<\/td><td>Rock\/Paper\/Scissors &amp; My&#8217;tallica<\/td><td>Rietberg<\/td><td><\/td><td>Cultura<\/td><\/tr><tr><td>Sa<\/td><td class=\"has-text-align-left\" data-align=\"left\">07.11.<\/td><td>Eric Fish<\/td><td>Stemwede<\/td><td><\/td><td>Life House<\/td><\/tr><tr><td>Mo<\/td><td class=\"has-text-align-left\" data-align=\"left\">16.11.<\/td><td>Soen<\/td><td>Bochum<\/td><td><\/td><td>Zeche<\/td><\/tr><tr><td>Do<\/td><td class=\"has-text-align-left\" data-align=\"left\">19.11.<\/td><td>In Extremo Akustik<\/td><td>Osnabr\u00fcck<\/td><td><\/td><td>Stadthalle<\/td><\/tr><tr><td>Fr<\/td><td class=\"has-text-align-left\" data-align=\"left\">20.11.<\/td><td>Mr. Punch<\/td><td>Helmond\/NL<\/td><td><\/td><td>Cacaofabriek<\/td><\/tr><tr><td>Fr<\/td><td class=\"has-text-align-left\" data-align=\"left\">27.11.<\/td><td>Arena<\/td><td>Essen<\/td><td><\/td><td>Zeche Carl<\/td><\/tr><tr><td>Fr<\/td><td class=\"has-text-align-left\" data-align=\"left\">27.11.<\/td><td>Anneke van Giersbergen<\/td><td>K\u00f6ln<\/td><td><\/td><td>Club Volta<\/td><\/tr><tr><td>Sa<\/td><td class=\"has-text-align-left\" data-align=\"left\">28.11.<\/td><td>Mr. Irish Bastard<\/td><td>Bochum<\/td><td><\/td><td>Matrix<\/td><\/tr><tr><td>So<\/td><td class=\"has-text-align-left\" data-align=\"left\">29.11.<\/td><td>Weihnachten mit Guildo<\/td><td>Bochum<\/td><td><\/td><td>Christuskirche<\/td><\/tr><tr><td><\/td><td class=\"has-text-align-left\" data-align=\"left\"><\/td><td><\/td><td><\/td><td><\/td><td><\/td><\/tr><tr><td><strong>Dezember<\/strong><\/td><td class=\"has-text-align-left\" data-align=\"left\"><\/td><td><\/td><td><\/td><td><\/td><td><\/td><\/tr><tr><td>Fr<\/td><td class=\"has-text-align-left\" data-align=\"left\">04.12.<\/td><td>Mr. Punch X-Mas Party<\/td><td>Reichenbach<\/td><td><\/td><td>Bergkeller<\/td><\/tr><tr><td>Sa<\/td><td class=\"has-text-align-left\" data-align=\"left\">05.12.<\/td><td>Mr. Punch X-Mas Party<\/td><td>Reichenbach<\/td><td><\/td><td>Bergkeller<\/td><\/tr><tr><td>Do<\/td><td class=\"has-text-align-left\" data-align=\"left\">10.12.<\/td><td>In Extremo Akustik<\/td><td>Hannover<\/td><td><\/td><td>Theater am Aegi<\/td><\/tr><tr><td>Fr<\/td><td class=\"has-text-align-left\" data-align=\"left\">11.12.<\/td><td>Mr. Irish Bastard<\/td><td>M\u00fcnster<\/td><td><\/td><td>Skaters Palace<\/td><\/tr><tr><td>Sa<\/td><td class=\"has-text-align-left\" data-align=\"left\">19.12.<\/td><td>New Model Army<\/td><td>K\u00f6ln<\/td><td><\/td><td>Palladium<\/td><\/tr><tr><td>Mi<\/td><td class=\"has-text-align-left\" data-align=\"left\">23.12.<\/td><td>Broilers Santa&#8217;s Action Club<\/td><td>D\u00fcsseldorf<\/td><td><\/td><td>Mitsubishi Electric Halle<\/td><\/tr><tr><td>Mo<\/td><td class=\"has-text-align-left\" data-align=\"left\">28.12.<\/td><td>Eisheilige Nacht: Subway To Sally, Fiddler&#8217;s Green etc.<\/td><td>Bielefeld<\/td><td><\/td><td>Lokschuppen<\/td><\/tr><\/tbody><\/table><figcaption class=\"wp-element-caption\">Ich erhalte f\u00fcr die Ver\u00f6ffentlichung von Konzertterminen auf meiner Website keinerlei finanzielle Zuwendungen oder Freikarten von den Bands oder Veranstaltern.  Die Auswahl der Termine erfolgt ausschlie\u00dflich nach meinen pers\u00f6nlichen Interessen und die Tickets muss ich mir weiterhin selbst kaufen.<\/figcaption><\/figure>\n\n\n\n<p>&nbsp;<\/p>\n","protected":false},"excerpt":{"rendered":"<p>Anspruchsvolle Musik und guter Klang geh\u00f6ren untrennbar zusammen. Meine Begeisterung f\u00fcr alle Spielarten des Progressive Rock und f\u00fcr hochwertige Hifi-Komponenten ist daher die logische Konsequenz. Wenn dann noch ein gro\u00dfformatiges Bewegtbild dazu kommt, wird es perfekt. (F\u00fcr mich) interessante und einigerma\u00dfen erreichbare Konzerte finden sich daher hier ebenso wie &#8211; zuk\u00fcnftig &#8211; Rezensionen verschiedenster Alben &hellip; <\/p>\n<p class=\"link-more\"><a href=\"https:\/\/www.thorsten-schneider.com\/blog\/einklang\/\" class=\"more-link\"><span class=\"screen-reader-text\">\u201eEinklang\u201c <\/span>weiterlesen<\/a><\/p>\n","protected":false},"author":1,"featured_media":0,"parent":0,"menu_order":0,"comment_status":"closed","ping_status":"closed","template":"","meta":{"footnotes":""},"class_list":["post-16","page","type-page","status-publish","hentry"],"_links":{"self":[{"href":"https:\/\/www.thorsten-schneider.com\/blog\/wp-json\/wp\/v2\/pages\/16","targetHints":{"allow":["GET"]}}],"collection":[{"href":"https:\/\/www.thorsten-schneider.com\/blog\/wp-json\/wp\/v2\/pages"}],"about":[{"href":"https:\/\/www.thorsten-schneider.com\/blog\/wp-json\/wp\/v2\/types\/page"}],"author":[{"embeddable":true,"href":"https:\/\/www.thorsten-schneider.com\/blog\/wp-json\/wp\/v2\/users\/1"}],"replies":[{"embeddable":true,"href":"https:\/\/www.thorsten-schneider.com\/blog\/wp-json\/wp\/v2\/comments?post=16"}],"version-history":[{"count":494,"href":"https:\/\/www.thorsten-schneider.com\/blog\/wp-json\/wp\/v2\/pages\/16\/revisions"}],"predecessor-version":[{"id":5297,"href":"https:\/\/www.thorsten-schneider.com\/blog\/wp-json\/wp\/v2\/pages\/16\/revisions\/5297"}],"wp:attachment":[{"href":"https:\/\/www.thorsten-schneider.com\/blog\/wp-json\/wp\/v2\/media?parent=16"}],"curies":[{"name":"wp","href":"https:\/\/api.w.org\/{rel}","templated":true}]}}