{"id":158,"date":"2022-06-25T22:38:02","date_gmt":"2022-06-25T20:38:02","guid":{"rendered":"http:\/\/www.thorsten-schneider.com\/blog\/?page_id=158"},"modified":"2022-12-22T12:28:22","modified_gmt":"2022-12-22T11:28:22","slug":"vachtmaster-blackred","status":"publish","type":"page","link":"https:\/\/www.thorsten-schneider.com\/blog\/vachtmaster-blackred\/","title":{"rendered":"Vachtmaster BlackRed"},"content":{"rendered":"\n<figure class=\"wp-block-image size-large\"><img loading=\"lazy\" decoding=\"async\" width=\"1024\" height=\"768\" src=\"https:\/\/www.thorsten-schneider.com\/blog\/wp-content\/uploads\/2022\/09\/vachtmaster_blackred_1-1024x768.jpg\" alt=\"\" class=\"wp-image-1150\" srcset=\"https:\/\/www.thorsten-schneider.com\/blog\/wp-content\/uploads\/2022\/09\/vachtmaster_blackred_1-1024x768.jpg 1024w, https:\/\/www.thorsten-schneider.com\/blog\/wp-content\/uploads\/2022\/09\/vachtmaster_blackred_1-300x225.jpg 300w, https:\/\/www.thorsten-schneider.com\/blog\/wp-content\/uploads\/2022\/09\/vachtmaster_blackred_1-768x576.jpg 768w, https:\/\/www.thorsten-schneider.com\/blog\/wp-content\/uploads\/2022\/09\/vachtmaster_blackred_1-1536x1152.jpg 1536w, https:\/\/www.thorsten-schneider.com\/blog\/wp-content\/uploads\/2022\/09\/vachtmaster_blackred_1.jpg 1600w\" sizes=\"auto, (max-width: 767px) 89vw, (max-width: 1000px) 54vw, (max-width: 1071px) 543px, 580px\" \/><\/figure>\n\n\n\n<figure class=\"wp-block-image size-large\"><img loading=\"lazy\" decoding=\"async\" width=\"1024\" height=\"768\" src=\"https:\/\/www.thorsten-schneider.com\/blog\/wp-content\/uploads\/2022\/12\/vachtmaster_blackred_white_1-1024x768.jpeg\" alt=\"\" class=\"wp-image-1931\" srcset=\"https:\/\/www.thorsten-schneider.com\/blog\/wp-content\/uploads\/2022\/12\/vachtmaster_blackred_white_1-1024x768.jpeg 1024w, https:\/\/www.thorsten-schneider.com\/blog\/wp-content\/uploads\/2022\/12\/vachtmaster_blackred_white_1-300x225.jpeg 300w, https:\/\/www.thorsten-schneider.com\/blog\/wp-content\/uploads\/2022\/12\/vachtmaster_blackred_white_1-768x576.jpeg 768w, https:\/\/www.thorsten-schneider.com\/blog\/wp-content\/uploads\/2022\/12\/vachtmaster_blackred_white_1-1536x1152.jpeg 1536w, https:\/\/www.thorsten-schneider.com\/blog\/wp-content\/uploads\/2022\/12\/vachtmaster_blackred_white_1.jpeg 1600w\" sizes=\"auto, (max-width: 767px) 89vw, (max-width: 1000px) 54vw, (max-width: 1071px) 543px, 580px\" \/><\/figure>\n\n\n\n<figure class=\"wp-block-table is-style-stripes\"><table><tbody><tr><td>Inspiration<\/td><td>Nixon Metallica &#8222;Seek &amp; Destroy&#8220;, Omega Seamaster PO black-red<\/td><\/tr><tr><td>Basis<\/td><td>Vostok Amphibia 150XXX<\/td><\/tr><tr><td>Geh\u00e4use<\/td><td>150 Edelstahl <strong>schwarz matt PVD-beschichtet<\/strong><\/td><\/tr><tr><td>Geh\u00e4useboden<\/td><td><strong>Albatros Edelstahl schwarz matt PVD-beschichtet<\/strong><\/td><\/tr><tr><td><\/td><td><\/td><\/tr><tr><td>Zifferblatt<\/td><td><strong>Amphibia 662 schwarz<\/strong><\/td><\/tr><tr><td>Werk<\/td><td>Vostok 2416B Automatik<\/td><\/tr><tr><td>Werkhaltering<\/td><td><strong>Edelstahl<\/strong><\/td><\/tr><tr><td>Armierungsring<\/td><td>Edelstahl poliert<\/td><\/tr><tr><td>Datumsscheibe<\/td><td><strong>schwarz<\/strong><\/td><\/tr><tr><td>Stundenzeiger<\/td><td><strong>One Second Closer &#8211; The Paddle rot<\/strong><\/td><\/tr><tr><td>Minutenzeiger<\/td><td><strong><strong><strong>One Second Closer &#8211; The Paddle rot<\/strong><\/strong><\/strong><\/td><\/tr><tr><td>Sekundenzeiger<\/td><td><strong>Vostok SE wei\u00df<\/strong><\/td><\/tr><tr><td>Krone<\/td><td><strong>Edelstahl schwarz matt PVD-beschichtet<\/strong><\/td><\/tr><tr><td>L\u00fcnette<\/td><td><strong>Arkustime Edelstahl schwarz matt PVD-beschichtet<\/strong><\/td><\/tr><tr><td>L\u00fcnetteninlay<\/td><td><strong>Yachtmaster-Stil Keramik schwarz matt<\/strong><\/td><\/tr><tr><td><\/td><td><\/td><\/tr><tr><td>Canvas<\/td><td><strong>beige mit schwarzer Edelstahl-Dornschlie\u00dfe<\/strong><\/td><\/tr><tr><td>Kautschuk<\/td><td><strong>wei\u00df mit schwarzer Edelstahl-Dornschlie\u00dfe<\/strong><\/td><\/tr><tr><td>Leder<\/td><td>schwarz mit schwarzer Edelstahl-Dornschlie\u00dfe<\/td><\/tr><tr><td>Nato<\/td><td>Seatbelt schwarz mit schwarzer Edelstahl-Dornschlie\u00dfe<\/td><\/tr><tr><td>Paratrooper<\/td><td>schwarz mit schwarzer Edelstahl-Hakenschlie\u00dfe<\/td><\/tr><\/tbody><\/table><figcaption class=\"wp-element-caption\">Alle von mir durchgef\u00fchrten \u00c4nderungen zum Serienmodell und die auf dem Foto abgebildeten B\u00e4nder sind <strong>fett<\/strong> markiert.<\/figcaption><\/figure>\n\n\n\n<p><a href=\"https:\/\/www.thorsten-schneider.com\/blog\/black-brothers-of-the-watch\/\" data-type=\"page\" data-id=\"967\">zur\u00fcck zur Auswahl &gt;<\/a><\/p>\n","protected":false},"excerpt":{"rendered":"<p>Inspiration Nixon Metallica &#8222;Seek &amp; Destroy&#8220;, Omega Seamaster PO black-red Basis Vostok Amphibia 150XXX Geh\u00e4use 150 Edelstahl schwarz matt PVD-beschichtet Geh\u00e4useboden Albatros Edelstahl schwarz matt PVD-beschichtet Zifferblatt Amphibia 662 schwarz Werk Vostok 2416B Automatik Werkhaltering Edelstahl Armierungsring Edelstahl poliert Datumsscheibe schwarz Stundenzeiger One Second Closer &#8211; The Paddle rot Minutenzeiger One Second Closer &#8211; The &hellip; <\/p>\n<p class=\"link-more\"><a href=\"https:\/\/www.thorsten-schneider.com\/blog\/vachtmaster-blackred\/\" class=\"more-link\"><span class=\"screen-reader-text\">\u201eVachtmaster BlackRed\u201c <\/span>weiterlesen<\/a><\/p>\n","protected":false},"author":1,"featured_media":0,"parent":0,"menu_order":0,"comment_status":"closed","ping_status":"closed","template":"","meta":{"footnotes":""},"class_list":["post-158","page","type-page","status-publish","hentry"],"_links":{"self":[{"href":"https:\/\/www.thorsten-schneider.com\/blog\/wp-json\/wp\/v2\/pages\/158","targetHints":{"allow":["GET"]}}],"collection":[{"href":"https:\/\/www.thorsten-schneider.com\/blog\/wp-json\/wp\/v2\/pages"}],"about":[{"href":"https:\/\/www.thorsten-schneider.com\/blog\/wp-json\/wp\/v2\/types\/page"}],"author":[{"embeddable":true,"href":"https:\/\/www.thorsten-schneider.com\/blog\/wp-json\/wp\/v2\/users\/1"}],"replies":[{"embeddable":true,"href":"https:\/\/www.thorsten-schneider.com\/blog\/wp-json\/wp\/v2\/comments?post=158"}],"version-history":[{"count":16,"href":"https:\/\/www.thorsten-schneider.com\/blog\/wp-json\/wp\/v2\/pages\/158\/revisions"}],"predecessor-version":[{"id":2055,"href":"https:\/\/www.thorsten-schneider.com\/blog\/wp-json\/wp\/v2\/pages\/158\/revisions\/2055"}],"wp:attachment":[{"href":"https:\/\/www.thorsten-schneider.com\/blog\/wp-json\/wp\/v2\/media?parent=158"}],"curies":[{"name":"wp","href":"https:\/\/api.w.org\/{rel}","templated":true}]}}