{"id":154,"date":"2022-09-02T13:18:00","date_gmt":"2022-09-02T11:18:00","guid":{"rendered":"http:\/\/www.thorsten-schneider.com\/blog\/?page_id=154"},"modified":"2023-03-31T12:38:37","modified_gmt":"2023-03-31T10:38:37","slug":"planet-vostok-whiteorange","status":"publish","type":"page","link":"https:\/\/www.thorsten-schneider.com\/blog\/planet-vostok-whiteorange\/","title":{"rendered":"Planet Vostok WhiteOrange"},"content":{"rendered":"\n<figure class=\"wp-block-image size-large\"><img loading=\"lazy\" decoding=\"async\" width=\"1024\" height=\"768\" src=\"https:\/\/www.thorsten-schneider.com\/blog\/wp-content\/uploads\/2022\/09\/planet_vostok_whiteorange_1-1024x768.jpg\" alt=\"\" class=\"wp-image-1130\" srcset=\"https:\/\/www.thorsten-schneider.com\/blog\/wp-content\/uploads\/2022\/09\/planet_vostok_whiteorange_1-1024x768.jpg 1024w, https:\/\/www.thorsten-schneider.com\/blog\/wp-content\/uploads\/2022\/09\/planet_vostok_whiteorange_1-300x225.jpg 300w, https:\/\/www.thorsten-schneider.com\/blog\/wp-content\/uploads\/2022\/09\/planet_vostok_whiteorange_1-768x576.jpg 768w, https:\/\/www.thorsten-schneider.com\/blog\/wp-content\/uploads\/2022\/09\/planet_vostok_whiteorange_1-1536x1152.jpg 1536w, https:\/\/www.thorsten-schneider.com\/blog\/wp-content\/uploads\/2022\/09\/planet_vostok_whiteorange_1.jpg 1600w\" sizes=\"auto, (max-width: 767px) 89vw, (max-width: 1000px) 54vw, (max-width: 1071px) 543px, 580px\" \/><\/figure>\n\n\n\n<figure class=\"wp-block-image size-large\"><img loading=\"lazy\" decoding=\"async\" width=\"1024\" height=\"768\" src=\"https:\/\/www.thorsten-schneider.com\/blog\/wp-content\/uploads\/2023\/03\/planet_vostok_whiteorange_2-1024x768.jpeg\" alt=\"\" class=\"wp-image-2194\" srcset=\"https:\/\/www.thorsten-schneider.com\/blog\/wp-content\/uploads\/2023\/03\/planet_vostok_whiteorange_2-1024x768.jpeg 1024w, https:\/\/www.thorsten-schneider.com\/blog\/wp-content\/uploads\/2023\/03\/planet_vostok_whiteorange_2-300x225.jpeg 300w, https:\/\/www.thorsten-schneider.com\/blog\/wp-content\/uploads\/2023\/03\/planet_vostok_whiteorange_2-768x576.jpeg 768w, https:\/\/www.thorsten-schneider.com\/blog\/wp-content\/uploads\/2023\/03\/planet_vostok_whiteorange_2-1536x1152.jpeg 1536w, https:\/\/www.thorsten-schneider.com\/blog\/wp-content\/uploads\/2023\/03\/planet_vostok_whiteorange_2.jpeg 1600w\" sizes=\"auto, (max-width: 767px) 89vw, (max-width: 1000px) 54vw, (max-width: 1071px) 543px, 580px\" \/><\/figure>\n\n\n\n<figure class=\"wp-block-table is-style-stripes\"><table><tbody><tr><td>Inspiration<\/td><td>Omega Seamaster Planet Ocean wei\u00df-orange<\/td><\/tr><tr><td>Basis<\/td><td>Vostok Amphibia 020739<\/td><\/tr><tr><td>Geh\u00e4use<\/td><td>020 Edelstahl mattiert<\/td><\/tr><tr><td>Geh\u00e4useboden<\/td><td><strong>Komandirskie.com Glasboden mit kleinem Sichtfenster<\/strong><\/td><\/tr><tr><td><\/td><td><\/td><\/tr><tr><td>Zifferblatt<\/td><td>Komandirskie 739 wei\u00df<\/td><\/tr><tr><td>Werk<\/td><td>Vostok 2416B Automatik<\/td><\/tr><tr><td>Werkhaltering<\/td><td><strong>Edelstahl<\/strong><\/td><\/tr><tr><td>Armierungsring<\/td><td>Edelstahl poliert<\/td><\/tr><tr><td>Datumsscheibe<\/td><td>wei\u00df<\/td><\/tr><tr><td>Stundenzeiger<\/td><td><strong>Komandirskie.com Pfeilzeiger silber<\/strong><\/td><\/tr><tr><td>Minutenzeiger<\/td><td><strong><strong>Amphibia<\/strong> silber<\/strong><\/td><\/tr><tr><td>Sekundenzeiger<\/td><td><strong><strong>VW24 Pfeilzeiger orange<\/strong><\/strong><\/td><\/tr><tr><td>Krone<\/td><td>Vostok Edelstahl mattiert<\/td><\/tr><tr><td>L\u00fcnette<\/td><td><strong>VW24 Edelstahl<\/strong><\/td><\/tr><tr><td>L\u00fcnetteninlay<\/td><td><strong>Seamaster PO Stil orange-silber<\/strong><\/td><\/tr><tr><td><\/td><td><\/td><\/tr><tr><td>Stahl<\/td><td><strong>Edelstahl massiv, teilmattiert, mit Edelstahl-Butterfly-Faltschlie\u00dfe<\/strong><\/td><\/tr><tr><td>Nato<\/td><td><strong>orange-wei\u00df-grau mit Edelstahl-Dornschlie\u00dfe<\/strong><\/td><\/tr><\/tbody><\/table><figcaption class=\"wp-element-caption\">Alle von mir durchgef\u00fchrten \u00c4nderungen zum Serienmodell und das auf dem Foto abgebildete Band sind <strong>fett<\/strong> markiert.<\/figcaption><\/figure>\n\n\n\n<p><a href=\"https:\/\/www.thorsten-schneider.com\/blog\/white-walkers\/\" data-type=\"page\" data-id=\"1190\">zur\u00fcck zur Auswahl &gt;<\/a><\/p>\n","protected":false},"excerpt":{"rendered":"<p>Inspiration Omega Seamaster Planet Ocean wei\u00df-orange Basis Vostok Amphibia 020739 Geh\u00e4use 020 Edelstahl mattiert Geh\u00e4useboden Komandirskie.com Glasboden mit kleinem Sichtfenster Zifferblatt Komandirskie 739 wei\u00df Werk Vostok 2416B Automatik Werkhaltering Edelstahl Armierungsring Edelstahl poliert Datumsscheibe wei\u00df Stundenzeiger Komandirskie.com Pfeilzeiger silber Minutenzeiger Amphibia silber Sekundenzeiger VW24 Pfeilzeiger orange Krone Vostok Edelstahl mattiert L\u00fcnette VW24 Edelstahl L\u00fcnetteninlay Seamaster &hellip; <\/p>\n<p class=\"link-more\"><a href=\"https:\/\/www.thorsten-schneider.com\/blog\/planet-vostok-whiteorange\/\" class=\"more-link\"><span class=\"screen-reader-text\">\u201ePlanet Vostok WhiteOrange\u201c <\/span>weiterlesen<\/a><\/p>\n","protected":false},"author":1,"featured_media":0,"parent":0,"menu_order":0,"comment_status":"closed","ping_status":"closed","template":"","meta":{"footnotes":""},"class_list":["post-154","page","type-page","status-publish","hentry"],"_links":{"self":[{"href":"https:\/\/www.thorsten-schneider.com\/blog\/wp-json\/wp\/v2\/pages\/154","targetHints":{"allow":["GET"]}}],"collection":[{"href":"https:\/\/www.thorsten-schneider.com\/blog\/wp-json\/wp\/v2\/pages"}],"about":[{"href":"https:\/\/www.thorsten-schneider.com\/blog\/wp-json\/wp\/v2\/types\/page"}],"author":[{"embeddable":true,"href":"https:\/\/www.thorsten-schneider.com\/blog\/wp-json\/wp\/v2\/users\/1"}],"replies":[{"embeddable":true,"href":"https:\/\/www.thorsten-schneider.com\/blog\/wp-json\/wp\/v2\/comments?post=154"}],"version-history":[{"count":17,"href":"https:\/\/www.thorsten-schneider.com\/blog\/wp-json\/wp\/v2\/pages\/154\/revisions"}],"predecessor-version":[{"id":2213,"href":"https:\/\/www.thorsten-schneider.com\/blog\/wp-json\/wp\/v2\/pages\/154\/revisions\/2213"}],"wp:attachment":[{"href":"https:\/\/www.thorsten-schneider.com\/blog\/wp-json\/wp\/v2\/media?parent=154"}],"curies":[{"name":"wp","href":"https:\/\/api.w.org\/{rel}","templated":true}]}}