{"id":142,"date":"2022-09-02T13:18:00","date_gmt":"2022-09-02T11:18:00","guid":{"rendered":"http:\/\/www.thorsten-schneider.com\/blog\/?page_id=142"},"modified":"2022-12-22T11:20:43","modified_gmt":"2022-12-22T10:20:43","slug":"planet-vostok-silver-surfer","status":"publish","type":"page","link":"https:\/\/www.thorsten-schneider.com\/blog\/planet-vostok-silver-surfer\/","title":{"rendered":"Planet Vostok Silver Surfer"},"content":{"rendered":"\n<figure class=\"wp-block-image size-large\"><img loading=\"lazy\" decoding=\"async\" width=\"1024\" height=\"768\" src=\"https:\/\/www.thorsten-schneider.com\/blog\/wp-content\/uploads\/2022\/09\/silver_surfer_1-1024x768.jpeg\" alt=\"\" class=\"wp-image-1566\" srcset=\"https:\/\/www.thorsten-schneider.com\/blog\/wp-content\/uploads\/2022\/09\/silver_surfer_1-1024x768.jpeg 1024w, https:\/\/www.thorsten-schneider.com\/blog\/wp-content\/uploads\/2022\/09\/silver_surfer_1-300x225.jpeg 300w, https:\/\/www.thorsten-schneider.com\/blog\/wp-content\/uploads\/2022\/09\/silver_surfer_1-768x576.jpeg 768w, https:\/\/www.thorsten-schneider.com\/blog\/wp-content\/uploads\/2022\/09\/silver_surfer_1-1536x1152.jpeg 1536w, https:\/\/www.thorsten-schneider.com\/blog\/wp-content\/uploads\/2022\/09\/silver_surfer_1.jpeg 1600w\" sizes=\"auto, (max-width: 767px) 89vw, (max-width: 1000px) 54vw, (max-width: 1071px) 543px, 580px\" \/><\/figure>\n\n\n\n<figure class=\"wp-block-table is-style-stripes\"><table><tbody><tr><td>Inspiration<\/td><td>Omega Seamaster Planet Ocean<\/td><\/tr><tr><td>Basis<\/td><td>Vostok Amphibia 710XXX<\/td><\/tr><tr><td>Geh\u00e4use<\/td><td>710 Edelstahl <strong>mattiert<\/strong><\/td><\/tr><tr><td>Geh\u00e4useboden<\/td><td><strong>Meranom Glasboden mit gro\u00dfem Sichtfenster<\/strong><\/td><\/tr><tr><td><\/td><td><\/td><\/tr><tr><td>Zifferblatt<\/td><td><strong>Amphibia 849 silber<\/strong><\/td><\/tr><tr><td>Werk<\/td><td>Vostok 2416B Automatik<\/td><\/tr><tr><td>Werkhaltering<\/td><td><strong>Edelstahl<\/strong><\/td><\/tr><tr><td>Armierungsring<\/td><td>Edelstahl poliert<\/td><\/tr><tr><td>Datumsscheibe<\/td><td><strong>schwarz<\/strong><\/td><\/tr><tr><td>Stundenzeiger<\/td><td><strong>Komandirskie.com Pfeilzeiger schwarz skelettiert<\/strong><\/td><\/tr><tr><td>Minutenzeiger<\/td><td><strong><strong><strong>Amphibia <strong>schwarz skelettiert<\/strong><\/strong><\/strong><\/strong><\/td><\/tr><tr><td>Sekundenzeiger<\/td><td><strong><strong><strong>One Second Closer Buran orange<\/strong><\/strong><\/strong><\/td><\/tr><tr><td>Krone<\/td><td><strong>Edelstahl mattiert<\/strong><\/td><\/tr><tr><td>L\u00fcnette<\/td><td><strong>Arkustime Edelstahl<\/strong><\/td><\/tr><tr><td>L\u00fcnetteninlay<\/td><td><strong>Seamaster PO Stil orange-schwarz<\/strong><\/td><\/tr><tr><td><\/td><td><\/td><\/tr><tr><td>Single Pass Strap<\/td><td><strong>grau-orange- schwarz mit Edelstahl-Dornschlie\u00dfe<\/strong><\/td><\/tr><tr><td>Single Pass Strap<\/td><td>grau mit orangefarbenem Streifen und Edelstahl-Dornschlie\u00dfe<\/td><\/tr><tr><td>Stahl<\/td><td>Edelstahl massiv, matt gestrahlt mit angefasten Gliedern und Faltschlie\u00dfe<\/td><\/tr><\/tbody><\/table><figcaption class=\"wp-element-caption\">Alle von mir durchgef\u00fchrten \u00c4nderungen zum Serienmodell und das auf dem Foto abgebildete Band sind <strong>fett<\/strong> markiert.<\/figcaption><\/figure>\n\n\n\n<p><a href=\"https:\/\/www.thorsten-schneider.com\/blog\/united-colors-of-vostok\/\" data-type=\"page\" data-id=\"1182\">zur\u00fcck zur Auswahl &gt;<\/a><\/p>\n","protected":false},"excerpt":{"rendered":"<p>Inspiration Omega Seamaster Planet Ocean Basis Vostok Amphibia 710XXX Geh\u00e4use 710 Edelstahl mattiert Geh\u00e4useboden Meranom Glasboden mit gro\u00dfem Sichtfenster Zifferblatt Amphibia 849 silber Werk Vostok 2416B Automatik Werkhaltering Edelstahl Armierungsring Edelstahl poliert Datumsscheibe schwarz Stundenzeiger Komandirskie.com Pfeilzeiger schwarz skelettiert Minutenzeiger Amphibia schwarz skelettiert Sekundenzeiger One Second Closer Buran orange Krone Edelstahl mattiert L\u00fcnette Arkustime Edelstahl &hellip; <\/p>\n<p class=\"link-more\"><a href=\"https:\/\/www.thorsten-schneider.com\/blog\/planet-vostok-silver-surfer\/\" class=\"more-link\"><span class=\"screen-reader-text\">\u201ePlanet Vostok Silver Surfer\u201c <\/span>weiterlesen<\/a><\/p>\n","protected":false},"author":1,"featured_media":0,"parent":0,"menu_order":0,"comment_status":"closed","ping_status":"closed","template":"","meta":{"footnotes":""},"class_list":["post-142","page","type-page","status-publish","hentry"],"_links":{"self":[{"href":"https:\/\/www.thorsten-schneider.com\/blog\/wp-json\/wp\/v2\/pages\/142","targetHints":{"allow":["GET"]}}],"collection":[{"href":"https:\/\/www.thorsten-schneider.com\/blog\/wp-json\/wp\/v2\/pages"}],"about":[{"href":"https:\/\/www.thorsten-schneider.com\/blog\/wp-json\/wp\/v2\/types\/page"}],"author":[{"embeddable":true,"href":"https:\/\/www.thorsten-schneider.com\/blog\/wp-json\/wp\/v2\/users\/1"}],"replies":[{"embeddable":true,"href":"https:\/\/www.thorsten-schneider.com\/blog\/wp-json\/wp\/v2\/comments?post=142"}],"version-history":[{"count":18,"href":"https:\/\/www.thorsten-schneider.com\/blog\/wp-json\/wp\/v2\/pages\/142\/revisions"}],"predecessor-version":[{"id":2031,"href":"https:\/\/www.thorsten-schneider.com\/blog\/wp-json\/wp\/v2\/pages\/142\/revisions\/2031"}],"wp:attachment":[{"href":"https:\/\/www.thorsten-schneider.com\/blog\/wp-json\/wp\/v2\/media?parent=142"}],"curies":[{"name":"wp","href":"https:\/\/api.w.org\/{rel}","templated":true}]}}