{"id":1388,"date":"2022-09-02T13:39:36","date_gmt":"2022-09-02T11:39:36","guid":{"rendered":"http:\/\/www.thorsten-schneider.com\/blog\/?page_id=1388"},"modified":"2023-05-09T11:42:22","modified_gmt":"2023-05-09T09:42:22","slug":"pamphibia-sandwich-3d","status":"publish","type":"page","link":"https:\/\/www.thorsten-schneider.com\/blog\/pamphibia-sandwich-3d\/","title":{"rendered":"PAMphibia Sandwich 3D"},"content":{"rendered":"\n<figure class=\"wp-block-image size-large is-resized\"><img loading=\"lazy\" decoding=\"async\" src=\"https:\/\/www.thorsten-schneider.com\/blog\/wp-content\/uploads\/2023\/05\/pamphibia_sandwich_3d-1024x768.jpeg\" alt=\"\" class=\"wp-image-2334\" width=\"678\" height=\"508\" srcset=\"https:\/\/www.thorsten-schneider.com\/blog\/wp-content\/uploads\/2023\/05\/pamphibia_sandwich_3d-1024x768.jpeg 1024w, https:\/\/www.thorsten-schneider.com\/blog\/wp-content\/uploads\/2023\/05\/pamphibia_sandwich_3d-300x225.jpeg 300w, https:\/\/www.thorsten-schneider.com\/blog\/wp-content\/uploads\/2023\/05\/pamphibia_sandwich_3d-768x576.jpeg 768w, https:\/\/www.thorsten-schneider.com\/blog\/wp-content\/uploads\/2023\/05\/pamphibia_sandwich_3d-1536x1152.jpeg 1536w, https:\/\/www.thorsten-schneider.com\/blog\/wp-content\/uploads\/2023\/05\/pamphibia_sandwich_3d.jpeg 1600w\" sizes=\"auto, (max-width: 678px) 100vw, 678px\" \/><\/figure>\n\n\n\n<figure class=\"wp-block-image size-large\"><img loading=\"lazy\" decoding=\"async\" width=\"1024\" height=\"768\" src=\"https:\/\/www.thorsten-schneider.com\/blog\/wp-content\/uploads\/2023\/05\/pamphibia_sandwich-1024x768.jpg\" alt=\"\" class=\"wp-image-2339\" srcset=\"https:\/\/www.thorsten-schneider.com\/blog\/wp-content\/uploads\/2023\/05\/pamphibia_sandwich-1024x768.jpg 1024w, https:\/\/www.thorsten-schneider.com\/blog\/wp-content\/uploads\/2023\/05\/pamphibia_sandwich-300x225.jpg 300w, https:\/\/www.thorsten-schneider.com\/blog\/wp-content\/uploads\/2023\/05\/pamphibia_sandwich-768x576.jpg 768w, https:\/\/www.thorsten-schneider.com\/blog\/wp-content\/uploads\/2023\/05\/pamphibia_sandwich-1536x1152.jpg 1536w, https:\/\/www.thorsten-schneider.com\/blog\/wp-content\/uploads\/2023\/05\/pamphibia_sandwich.jpg 1600w\" sizes=\"auto, (max-width: 767px) 89vw, (max-width: 1000px) 54vw, (max-width: 1071px) 543px, 580px\" \/><\/figure>\n\n\n\n<figure class=\"wp-block-table is-style-stripes\"><table><tbody><tr><td>Inspiration<\/td><td>Panerai Submersible eLAB ID<\/td><\/tr><tr><td>Basis<\/td><td>Vostok Amphibia 710640<\/td><\/tr><tr><td>Geh\u00e4use<\/td><td>710 Edelstahl <strong>mattiert<\/strong><\/td><\/tr><tr><td>Geh\u00e4useboden<\/td><td><strong>Boctok &#8222;B&#8220; Edelstahl<\/strong><\/td><\/tr><tr><td><\/td><td><\/td><\/tr><tr><td>Zifferblatt<\/td><td><strong>Sandwich 3D hellblau\/grau<\/strong><\/td><\/tr><tr><td>Werk<\/td><td>Vostok 2416B Automatik<\/td><\/tr><tr><td>Werkhaltering<\/td><td><strong>Edelstahl<\/strong><\/td><\/tr><tr><td>Armierungsring<\/td><td>Edelstahl poliert<\/td><\/tr><tr><td>Datumsscheibe<\/td><td>&#8211;<\/td><\/tr><tr><td>Minutenzeiger<\/td><td><strong>VW24 Schwertzeiger silber mit blau lackiertem Lume<\/strong><\/td><\/tr><tr><td>Sekundenzeiger<\/td><td><strong>Kom.com Pfeilzeiger silber entlackt<\/strong><\/td><\/tr><tr><td>Krone<\/td><td><strong>Edelstahl mattiert mit Fase &amp; Nut<\/strong><\/td><\/tr><tr><td>L\u00fcnette<\/td><td><strong>Meranom Edelstahl<\/strong><\/td><\/tr><tr><td>L\u00fcnetteninlay<\/td><td><strong>Meranom 3D dunkelgrau<\/strong><\/td><\/tr><tr><td><\/td><td><\/td><\/tr><tr><td>Nato<\/td><td><strong>Seatbelt grau-blau <strong>mit Edelstahl-Dornschlie\u00dfe<\/strong> <\/strong><\/td><\/tr><tr><td>Textil<\/td><td><strong>Schwarz-hellblau mit Edelstahl-Dornschlie\u00dfe<\/strong><\/td><\/tr><tr><td>Stahl<\/td><td>Edelstahl massiv mattiert mit angefasten Gliedern und Edelstahl-Faltschlie\u00dfe<\/td><\/tr><\/tbody><\/table><figcaption class=\"wp-element-caption\">Alle von mir durchgef\u00fchrten \u00c4nderungen zum Serienmodell und die auf dem Foto abgebildeten B\u00e4nder sind <strong>fett<\/strong> markiert.<\/figcaption><\/figure>\n\n\n\n<p><a href=\"https:\/\/www.thorsten-schneider.com\/blog\/blue-boys\/\" data-type=\"page\" data-id=\"1173\">zur\u00fcck zur Auswahl &gt;<\/a><\/p>\n","protected":false},"excerpt":{"rendered":"<p>Inspiration Panerai Submersible eLAB ID Basis Vostok Amphibia 710640 Geh\u00e4use 710 Edelstahl mattiert Geh\u00e4useboden Boctok &#8222;B&#8220; Edelstahl Zifferblatt Sandwich 3D hellblau\/grau Werk Vostok 2416B Automatik Werkhaltering Edelstahl Armierungsring Edelstahl poliert Datumsscheibe &#8211; Minutenzeiger VW24 Schwertzeiger silber mit blau lackiertem Lume Sekundenzeiger Kom.com Pfeilzeiger silber entlackt Krone Edelstahl mattiert mit Fase &amp; Nut L\u00fcnette Meranom Edelstahl &hellip; <\/p>\n<p class=\"link-more\"><a href=\"https:\/\/www.thorsten-schneider.com\/blog\/pamphibia-sandwich-3d\/\" class=\"more-link\"><span class=\"screen-reader-text\">\u201ePAMphibia Sandwich 3D\u201c <\/span>weiterlesen<\/a><\/p>\n","protected":false},"author":1,"featured_media":0,"parent":0,"menu_order":0,"comment_status":"closed","ping_status":"closed","template":"","meta":{"footnotes":""},"class_list":["post-1388","page","type-page","status-publish","hentry"],"_links":{"self":[{"href":"https:\/\/www.thorsten-schneider.com\/blog\/wp-json\/wp\/v2\/pages\/1388","targetHints":{"allow":["GET"]}}],"collection":[{"href":"https:\/\/www.thorsten-schneider.com\/blog\/wp-json\/wp\/v2\/pages"}],"about":[{"href":"https:\/\/www.thorsten-schneider.com\/blog\/wp-json\/wp\/v2\/types\/page"}],"author":[{"embeddable":true,"href":"https:\/\/www.thorsten-schneider.com\/blog\/wp-json\/wp\/v2\/users\/1"}],"replies":[{"embeddable":true,"href":"https:\/\/www.thorsten-schneider.com\/blog\/wp-json\/wp\/v2\/comments?post=1388"}],"version-history":[{"count":8,"href":"https:\/\/www.thorsten-schneider.com\/blog\/wp-json\/wp\/v2\/pages\/1388\/revisions"}],"predecessor-version":[{"id":2342,"href":"https:\/\/www.thorsten-schneider.com\/blog\/wp-json\/wp\/v2\/pages\/1388\/revisions\/2342"}],"wp:attachment":[{"href":"https:\/\/www.thorsten-schneider.com\/blog\/wp-json\/wp\/v2\/media?parent=1388"}],"curies":[{"name":"wp","href":"https:\/\/api.w.org\/{rel}","templated":true}]}}