{"id":1378,"date":"2022-09-02T13:20:56","date_gmt":"2022-09-02T11:20:56","guid":{"rendered":"http:\/\/www.thorsten-schneider.com\/blog\/?page_id=1378"},"modified":"2022-12-22T11:31:43","modified_gmt":"2022-12-22T10:31:43","slug":"sinntok-v1-ds","status":"publish","type":"page","link":"https:\/\/www.thorsten-schneider.com\/blog\/sinntok-v1-ds\/","title":{"rendered":"Sinntok V1 DS"},"content":{"rendered":"\n<figure class=\"wp-block-image size-large\"><img loading=\"lazy\" decoding=\"async\" width=\"1024\" height=\"768\" src=\"https:\/\/www.thorsten-schneider.com\/blog\/wp-content\/uploads\/2022\/12\/sinntok_v1_ds_1-1024x768.jpeg\" alt=\"\" class=\"wp-image-1949\" srcset=\"https:\/\/www.thorsten-schneider.com\/blog\/wp-content\/uploads\/2022\/12\/sinntok_v1_ds_1-1024x768.jpeg 1024w, https:\/\/www.thorsten-schneider.com\/blog\/wp-content\/uploads\/2022\/12\/sinntok_v1_ds_1-300x225.jpeg 300w, https:\/\/www.thorsten-schneider.com\/blog\/wp-content\/uploads\/2022\/12\/sinntok_v1_ds_1-768x576.jpeg 768w, https:\/\/www.thorsten-schneider.com\/blog\/wp-content\/uploads\/2022\/12\/sinntok_v1_ds_1-1536x1152.jpeg 1536w, https:\/\/www.thorsten-schneider.com\/blog\/wp-content\/uploads\/2022\/12\/sinntok_v1_ds_1.jpeg 1600w\" sizes=\"auto, (max-width: 767px) 89vw, (max-width: 1000px) 54vw, (max-width: 1071px) 543px, 580px\" \/><\/figure>\n\n\n\n<figure class=\"wp-block-table is-style-stripes\"><table><tbody><tr><td>Inspiration<\/td><td>Sinn U1 DS<\/td><\/tr><tr><td>Basis<\/td><td>Vostok Komandirskie 020715<\/td><\/tr><tr><td>Geh\u00e4use<\/td><td>020 Edelstahl <strong>dunkelgrau matt PVD-beschichtet<\/strong><\/td><\/tr><tr><td>Geh\u00e4useboden<\/td><td>Albatros Edelstahl <strong>dunkelgrau matt PVD-beschichtet<\/strong><\/td><\/tr><tr><td><\/td><td><\/td><\/tr><tr><td>Zifferblatt<\/td><td><strong>Komandirskie 739, entlackt, dunkelgrau matt PVD-beschichtet<\/strong><\/td><\/tr><tr><td>Werk<\/td><td>Vostok 2416B Automatik<\/td><\/tr><tr><td>Werkhaltering<\/td><td><strong>Edelstahl<\/strong><\/td><\/tr><tr><td>Armierungsring<\/td><td>Edelstahl poliert<\/td><\/tr><tr><td>Datumsscheibe<\/td><td>schwarz<\/td><\/tr><tr><td>Stundenzeiger<\/td><td><strong>VW24 New Paddle wei\u00df<\/strong><\/td><\/tr><tr><td>Minutenzeiger<\/td><td><strong>VW24 New Paddle wei\u00df<\/strong><\/td><\/tr><tr><td>Sekundenzeiger<\/td><td><strong>Vostok SE wei\u00df<\/strong><\/td><\/tr><tr><td>Krone<\/td><td>Edelstahl <strong>dunkelgrau matt PVD-beschichtet<\/strong><\/td><\/tr><tr><td>L\u00fcnette<\/td><td><strong>Amphibia 710 dunkelgrau matt PVD-beschichtet<\/strong><\/td><\/tr><tr><td>L\u00fcnetteninlay<\/td><td>&#8211;<\/td><\/tr><tr><td><\/td><td><\/td><\/tr><tr><td>Canvas<\/td><td><strong>schwarz mit schwarzer Edelstahl-Dornschlie\u00dfe<\/strong><\/td><\/tr><\/tbody><\/table><figcaption class=\"wp-element-caption\">Alle von mir durchgef\u00fchrten \u00c4nderungen zum Serienmodell und das auf dem Foto abgebildete Band sind <strong>fett<\/strong> markiert.<\/figcaption><\/figure>\n\n\n\n<p><a href=\"https:\/\/www.thorsten-schneider.com\/blog\/black-brothers-of-the-watch\/\" data-type=\"page\" data-id=\"967\">zur\u00fcck zur Auswahl &gt;<\/a><\/p>\n","protected":false},"excerpt":{"rendered":"<p>Inspiration Sinn U1 DS Basis Vostok Komandirskie 020715 Geh\u00e4use 020 Edelstahl dunkelgrau matt PVD-beschichtet Geh\u00e4useboden Albatros Edelstahl dunkelgrau matt PVD-beschichtet Zifferblatt Komandirskie 739, entlackt, dunkelgrau matt PVD-beschichtet Werk Vostok 2416B Automatik Werkhaltering Edelstahl Armierungsring Edelstahl poliert Datumsscheibe schwarz Stundenzeiger VW24 New Paddle wei\u00df Minutenzeiger VW24 New Paddle wei\u00df Sekundenzeiger Vostok SE wei\u00df Krone Edelstahl dunkelgrau &hellip; <\/p>\n<p class=\"link-more\"><a href=\"https:\/\/www.thorsten-schneider.com\/blog\/sinntok-v1-ds\/\" class=\"more-link\"><span class=\"screen-reader-text\">\u201eSinntok V1 DS\u201c <\/span>weiterlesen<\/a><\/p>\n","protected":false},"author":1,"featured_media":0,"parent":0,"menu_order":0,"comment_status":"closed","ping_status":"closed","template":"","meta":{"footnotes":""},"class_list":["post-1378","page","type-page","status-publish","hentry"],"_links":{"self":[{"href":"https:\/\/www.thorsten-schneider.com\/blog\/wp-json\/wp\/v2\/pages\/1378","targetHints":{"allow":["GET"]}}],"collection":[{"href":"https:\/\/www.thorsten-schneider.com\/blog\/wp-json\/wp\/v2\/pages"}],"about":[{"href":"https:\/\/www.thorsten-schneider.com\/blog\/wp-json\/wp\/v2\/types\/page"}],"author":[{"embeddable":true,"href":"https:\/\/www.thorsten-schneider.com\/blog\/wp-json\/wp\/v2\/users\/1"}],"replies":[{"embeddable":true,"href":"https:\/\/www.thorsten-schneider.com\/blog\/wp-json\/wp\/v2\/comments?post=1378"}],"version-history":[{"count":4,"href":"https:\/\/www.thorsten-schneider.com\/blog\/wp-json\/wp\/v2\/pages\/1378\/revisions"}],"predecessor-version":[{"id":2048,"href":"https:\/\/www.thorsten-schneider.com\/blog\/wp-json\/wp\/v2\/pages\/1378\/revisions\/2048"}],"wp:attachment":[{"href":"https:\/\/www.thorsten-schneider.com\/blog\/wp-json\/wp\/v2\/media?parent=1378"}],"curies":[{"name":"wp","href":"https:\/\/api.w.org\/{rel}","templated":true}]}}