{"id":121,"date":"2022-09-02T13:18:09","date_gmt":"2022-09-02T11:18:09","guid":{"rendered":"http:\/\/www.thorsten-schneider.com\/blog\/?page_id=121"},"modified":"2022-12-22T12:31:39","modified_gmt":"2022-12-22T11:31:39","slug":"vexplorer","status":"publish","type":"page","link":"https:\/\/www.thorsten-schneider.com\/blog\/vexplorer\/","title":{"rendered":"Vexplorer"},"content":{"rendered":"\n<figure class=\"wp-block-image size-large\"><img loading=\"lazy\" decoding=\"async\" width=\"1024\" height=\"768\" src=\"https:\/\/www.thorsten-schneider.com\/blog\/wp-content\/uploads\/2022\/09\/vexplorer_1-1024x768.jpg\" alt=\"\" class=\"wp-image-1154\" srcset=\"https:\/\/www.thorsten-schneider.com\/blog\/wp-content\/uploads\/2022\/09\/vexplorer_1-1024x768.jpg 1024w, https:\/\/www.thorsten-schneider.com\/blog\/wp-content\/uploads\/2022\/09\/vexplorer_1-300x225.jpg 300w, https:\/\/www.thorsten-schneider.com\/blog\/wp-content\/uploads\/2022\/09\/vexplorer_1-768x576.jpg 768w, https:\/\/www.thorsten-schneider.com\/blog\/wp-content\/uploads\/2022\/09\/vexplorer_1-1536x1152.jpg 1536w, https:\/\/www.thorsten-schneider.com\/blog\/wp-content\/uploads\/2022\/09\/vexplorer_1.jpg 1600w\" sizes=\"auto, (max-width: 767px) 89vw, (max-width: 1000px) 54vw, (max-width: 1071px) 543px, 580px\" \/><\/figure>\n\n\n\n<figure class=\"wp-block-table is-style-stripes\"><table><tbody><tr><td>Inspiration<\/td><td>Rolex <strong>Explorer<\/strong> \/ Datejust<\/td><\/tr><tr><td>Basis<\/td><td>Vostok Komandirskie 020715<\/td><\/tr><tr><td>Geh\u00e4use<\/td><td>020 Edelstahl mattiert<\/td><\/tr><tr><td>Geh\u00e4useboden<\/td><td><strong>Meranom Glasboden mit gro\u00dfem Sichtfenster<\/strong><\/td><\/tr><tr><td><\/td><td><\/td><\/tr><tr><td>Zifferblatt<\/td><td><strong>Amphibia 922 schwarz<\/strong><\/td><\/tr><tr><td>Werk<\/td><td>Vostok 2416B Automatik<\/td><\/tr><tr><td>Werkhaltering<\/td><td><strong>Edelstahl<\/strong><\/td><\/tr><tr><td>Armierungsring<\/td><td>Edelstahl poliert<\/td><\/tr><tr><td>Datumsscheibe<\/td><td>schwarz<\/td><\/tr><tr><td>Stundenzeiger<\/td><td><strong>Komandirskie SE schwarz\/wei\u00df<\/strong><\/td><\/tr><tr><td>Minutenzeiger<\/td><td><strong><strong><strong>Komandirskie SE schwarz\/wei\u00df<\/strong><\/strong><\/strong><\/td><\/tr><tr><td>Sekundenzeiger<\/td><td><strong>Komandirskie SE wei\u00df<\/strong><\/td><\/tr><tr><td>Krone<\/td><td>Vostok Edelstahl mattiert<\/td><\/tr><tr><td>L\u00fcnette<\/td><td><strong>Kom.com Edelstahl blank, eckig, mattiert<\/strong><\/td><\/tr><tr><td>L\u00fcnetteninlay<\/td><td>&#8211;<\/td><\/tr><tr><td><\/td><td><\/td><\/tr><tr><td>Stahl<\/td><td><strong>Edelstahl massiv mattiert, mit angefasten Gliedern und Faltschlie\u00dfe<\/strong><\/td><\/tr><\/tbody><\/table><figcaption class=\"wp-element-caption\"> Alle von mir durchgef\u00fchrten \u00c4nderungen zum Serienmodell und das auf dem Foto abgebildete Band sind <strong>fett<\/strong> markiert.<\/figcaption><\/figure>\n\n\n\n<p><a href=\"https:\/\/www.thorsten-schneider.com\/blog\/black-dial-society\/\" data-type=\"page\" data-id=\"185\">zur\u00fcck zur Auswahl &gt;<\/a><\/p>\n","protected":false},"excerpt":{"rendered":"<p>Inspiration Rolex Explorer \/ Datejust Basis Vostok Komandirskie 020715 Geh\u00e4use 020 Edelstahl mattiert Geh\u00e4useboden Meranom Glasboden mit gro\u00dfem Sichtfenster Zifferblatt Amphibia 922 schwarz Werk Vostok 2416B Automatik Werkhaltering Edelstahl Armierungsring Edelstahl poliert Datumsscheibe schwarz Stundenzeiger Komandirskie SE schwarz\/wei\u00df Minutenzeiger Komandirskie SE schwarz\/wei\u00df Sekundenzeiger Komandirskie SE wei\u00df Krone Vostok Edelstahl mattiert L\u00fcnette Kom.com Edelstahl blank, eckig, &hellip; <\/p>\n<p class=\"link-more\"><a href=\"https:\/\/www.thorsten-schneider.com\/blog\/vexplorer\/\" class=\"more-link\"><span class=\"screen-reader-text\">\u201eVexplorer\u201c <\/span>weiterlesen<\/a><\/p>\n","protected":false},"author":1,"featured_media":0,"parent":0,"menu_order":0,"comment_status":"closed","ping_status":"closed","template":"","meta":{"footnotes":""},"class_list":["post-121","page","type-page","status-publish","hentry"],"_links":{"self":[{"href":"https:\/\/www.thorsten-schneider.com\/blog\/wp-json\/wp\/v2\/pages\/121","targetHints":{"allow":["GET"]}}],"collection":[{"href":"https:\/\/www.thorsten-schneider.com\/blog\/wp-json\/wp\/v2\/pages"}],"about":[{"href":"https:\/\/www.thorsten-schneider.com\/blog\/wp-json\/wp\/v2\/types\/page"}],"author":[{"embeddable":true,"href":"https:\/\/www.thorsten-schneider.com\/blog\/wp-json\/wp\/v2\/users\/1"}],"replies":[{"embeddable":true,"href":"https:\/\/www.thorsten-schneider.com\/blog\/wp-json\/wp\/v2\/comments?post=121"}],"version-history":[{"count":12,"href":"https:\/\/www.thorsten-schneider.com\/blog\/wp-json\/wp\/v2\/pages\/121\/revisions"}],"predecessor-version":[{"id":2060,"href":"https:\/\/www.thorsten-schneider.com\/blog\/wp-json\/wp\/v2\/pages\/121\/revisions\/2060"}],"wp:attachment":[{"href":"https:\/\/www.thorsten-schneider.com\/blog\/wp-json\/wp\/v2\/media?parent=121"}],"curies":[{"name":"wp","href":"https:\/\/api.w.org\/{rel}","templated":true}]}}